{"id":129,"date":"2024-07-15T12:12:48","date_gmt":"2024-07-15T10:12:48","guid":{"rendered":"https:\/\/www.laughtales.it\/?page_id=129"},"modified":"2024-09-05T10:57:51","modified_gmt":"2024-09-05T08:57:51","slug":"thingy","status":"publish","type":"page","link":"https:\/\/www.laughtales.it\/en\/thingy\/","title":{"rendered":"(20) Thingy"},"content":{"rendered":"<div data-elementor-type=\"wp-page\" data-elementor-id=\"129\" class=\"elementor elementor-129\" data-elementor-post-type=\"page\">\n\t\t\t\t<div data-particle_enable=\"false\" data-particle-mobile-disabled=\"false\" class=\"elementor-element elementor-element-58108844 e-flex e-con-boxed e-con e-parent\" data-id=\"58108844\" data-element_type=\"container\">\n\t\t\t\t\t<div class=\"e-con-inner\">\n\t\t<div data-particle_enable=\"false\" data-particle-mobile-disabled=\"false\" class=\"elementor-element elementor-element-cfa15c0 e-con-full e-flex e-con e-child\" data-id=\"cfa15c0\" data-element_type=\"container\">\n\t\t\t\t<div class=\"elementor-element elementor-element-9810b85 elementor-widget elementor-widget-heading\" data-id=\"9810b85\" data-element_type=\"widget\" data-widget_type=\"heading.default\">\n\t\t\t\t<div class=\"elementor-widget-container\">\n\t\t\t\t\t<h1 class=\"elementor-heading-title elementor-size-default\">Thingy<\/h1>\t\t\t\t<\/div>\n\t\t\t\t<\/div>\n\t\t\t\t<div class=\"elementor-element elementor-element-491e0ca elementor-widget elementor-widget-image\" data-id=\"491e0ca\" data-element_type=\"widget\" data-widget_type=\"image.default\">\n\t\t\t\t<div class=\"elementor-widget-container\">\n\t\t\t\t\t\t\t\t\t\t\t\t\t\t\t<img fetchpriority=\"high\" decoding=\"async\" width=\"800\" height=\"800\" src=\"https:\/\/www.laughtales.it\/wp-content\/uploads\/2024\/07\/20-img-1024x1024.webp\" class=\"attachment-large size-large wp-image-36\" alt=\"\" srcset=\"https:\/\/www.laughtales.it\/wp-content\/uploads\/2024\/07\/20-img-1024x1024.webp 1024w, https:\/\/www.laughtales.it\/wp-content\/uploads\/2024\/07\/20-img-300x300.webp 300w, https:\/\/www.laughtales.it\/wp-content\/uploads\/2024\/07\/20-img-150x150.webp 150w, https:\/\/www.laughtales.it\/wp-content\/uploads\/2024\/07\/20-img-768x768.webp 768w, https:\/\/www.laughtales.it\/wp-content\/uploads\/2024\/07\/20-img-1536x1536.webp 1536w, https:\/\/www.laughtales.it\/wp-content\/uploads\/2024\/07\/20-img-12x12.webp 12w, https:\/\/www.laughtales.it\/wp-content\/uploads\/2024\/07\/20-img.webp 2000w\" sizes=\"(max-width: 800px) 100vw, 800px\" \/>\t\t\t\t\t\t\t\t\t\t\t\t\t\t\t<\/div>\n\t\t\t\t<\/div>\n\t\t\t\t<div class=\"elementor-element elementor-element-32b7b16 elementor-widget elementor-widget-text-editor\" data-id=\"32b7b16\" data-element_type=\"widget\" data-widget_type=\"text-editor.default\">\n\t\t\t\t<div class=\"elementor-widget-container\">\n\t\t\t\t\t\t\t\t\t<p>Hi.<br>I am Thingy. That&#039;s my real name; and my full name.<br>I often turn around because when you can't remember the name of something, you start saying, \"Come on, pass me\u2026 yeah, that, what's it called\u2026 the thingy on the table!\" hahaha it always makes me laugh to see your thinking apparatus mock you.<\/p>\n<p>Speaking of memory, I have an excellent one. And today I want to tell you a story.<\/p>\n<center>\n    <p>--- For a Comma ---<br>&nbsp;<\/p>\n    <p>In a time of peace<br>in a world at war,<br>an agreement was made<br>among the powerful of the Earth.<br>&nbsp;<\/p>\n    <p>Missiles ready,<br>spears prepared,<br>the Sergeants waited<br>under a bad weather.<br>&nbsp;<\/p>\n    <p>But a spiteful comma,<br>tired of being misused,<br>decided to finally<br>be rightly used.<br>&nbsp;<\/p>\n    <p>&quot;Peace,<br>impossible launch the missiles.&quot;<br>So recited<br>the powerful cheeks.<br>&nbsp;<\/p>\n    <p>Once written<br>on paper the message<br>the comma thought<br>a very wise thought<br>&nbsp;<\/p>\n    <p>&quot;Nothing will change<br>by taking a step forward,<br>who will notice?<br>A small step<br>for my soul reward!&quot;<br>&nbsp;<\/p>\n    <p>When the button<br>was pressed<br>the Sergeant eyes<br>had shocked<br>&quot;Peace impossible,<br>launch the missiles.&quot;<\/p>\n<\/center>\n<p>&nbsp;<\/p>\n<p>Nice, right? This story was told to me by Sir JJ. He read a similar story in elementary school, about a comma jumping between \"peace\" and \"impossible,\" but he never managed to find it again. Luckily, he remembered just the main phrase!<\/p>\n<p>In school, JJ's teachers told him that even a small graphic mark like the comma, mistreated and displaced from its grammatical role, is actually of fundamental importance. An essential presence that marks the boundary between the sea of peace and the plain of war.<br>The comma was also indignant because Mrs. Comma had always performed her role excellently, maintaining her function over time, clocking in more than Mr. Dot. Yet humans, ungrateful and complacent, abused her function, drawing from the well of pride. And so, the comma jumped from one place to another, naively and unknowingly, in the wrong place at the wrong time.<\/p>\n<p>Or perhaps the comma, in its naivety, simply tried to be itself. It experienced an act of will for the first time in its life. In front of an iced whiskey at the Grapheme Bar, it tried to console its anguish with deep sips of awareness, ending up in the fumes of despair.<br>Probably it had to go that way; humanity had to gorge on war to desire the diet of peace. The extreme of calm arrives right after the extreme of the storm.<\/p>\n<p>Whatever the truth, I am just a Thingy, certainly not the holder of the truth. Sometimes I stop to think that, perhaps, our full free will aligns us with the collective will, leading us to become what we truly want to be. But the path is not easy, it is paved with obstacles and pitfalls, small stumbles where we might sink.\nAnd I end up thinking that all this effort is to understand how to use our natural wings, to be able to fly over any mountain.<\/p>\n<p>That\u2019s all folks, your Thingy \ud83d\ude09<\/p>\t\t\t\t\t\t\t\t<\/div>\n\t\t\t\t<\/div>\n\t\t\t\t<div class=\"elementor-element elementor-element-fa609c9 elementor-align-center opensea-button elementor-widget elementor-widget-button\" data-id=\"fa609c9\" data-element_type=\"widget\" data-widget_type=\"button.default\">\n\t\t\t\t<div class=\"elementor-widget-container\">\n\t\t\t\t\t\t\t\t\t<div class=\"elementor-button-wrapper\">\n\t\t\t\t\t<a class=\"elementor-button elementor-button-link elementor-size-sm elementor-animation-grow\" href=\"https:\/\/opensea.io\/assets\/matic\/0x21c88c6946e568edcc23f98231ec04c05a077c98\/4\" target=\"_blank\">\n\t\t\t\t\t\t<span class=\"elementor-button-content-wrapper\">\n\t\t\t\t\t\t<span class=\"elementor-button-icon\">\n\t\t\t\t<svg xmlns=\"http:\/\/www.w3.org\/2000\/svg\" width=\"360\" height=\"360\" viewbox=\"0 0 360 360\" fill=\"none\"><g clip-path=\"url(#clip0_3_69)\"><g clip-path=\"url(#clip1_3_69)\"><path d=\"M181.566 1.00604e-05C80.91 -0.82799 -0.82799 80.91 1.00604e-05 181.566C0.84601 279.306 80.694 359.172 178.416 359.982C279.072 360.846 360.846 279.072 359.982 178.416C359.172 80.712 279.306 0.84601 181.566 1.00604e-05ZM127.746 89.586C139.266 104.22 146.16 122.742 146.16 142.83C146.16 160.236 140.994 176.436 132.12 189.954H69.714L127.728 89.568L127.746 89.586ZM318.006 199.242V212.202C318.006 213.048 317.556 213.768 316.782 214.092C312.552 215.892 298.602 222.372 292.788 230.436C277.812 251.28 266.382 284.04 240.822 284.04H134.172C96.408 284.04 64.818 254.07 64.836 214.146C64.836 213.156 65.682 212.346 66.672 212.346H117.216C118.962 212.346 120.33 213.75 120.33 215.46V225.216C120.33 230.4 124.524 234.612 129.726 234.612H168.066V212.292H141.876C156.942 193.212 165.906 169.128 165.906 142.902C165.906 113.652 154.692 86.976 136.332 67.032C147.438 68.328 158.058 70.542 168.066 73.476V67.266C168.066 60.822 173.286 55.602 179.73 55.602C186.174 55.602 191.394 60.822 191.394 67.266V82.242C227.178 98.946 250.614 126.666 250.614 158.022C250.614 176.418 242.568 193.536 228.69 207.936C226.026 210.69 222.336 212.256 218.466 212.256H191.412V234.54H225.378C232.704 234.54 245.844 220.644 252.072 212.274C252.072 212.274 252.342 211.86 253.062 211.644C253.782 211.428 315.432 197.28 315.432 197.28C316.728 196.92 318.006 197.91 318.006 199.224V199.242Z\" fill=\"white\"><\/path><\/g><\/g><defs><clippath id=\"clip0_3_69\"><rect width=\"360\" height=\"360\" fill=\"white\"><\/rect><\/clippath><clippath id=\"clip1_3_69\"><rect width=\"360\" height=\"360\" fill=\"white\"><\/rect><\/clippath><\/defs><\/svg>\t\t\t<\/span>\n\t\t\t\t\t\t\t\t\t<span class=\"elementor-button-text\">Buy on OpenSea<\/span>\n\t\t\t\t\t<\/span>\n\t\t\t\t\t<\/a>\n\t\t\t\t<\/div>\n\t\t\t\t\t\t\t\t<\/div>\n\t\t\t\t<\/div>\n\t\t\t\t<\/div>\n\t\t\t\t\t<\/div>\n\t\t\t\t<\/div>\n\t\t\t\t<\/div>","protected":false},"excerpt":{"rendered":"<p>Coso Ciao.Sono Coso. \u00c8 il mio vero nome; nonch\u00e9 il mio nome completo.Mi giro spesso perch\u00e8 quando non vi ricordate il nome di qualcosa, iniziate a dire \u201cdai passami\u2026 si dai quello, come si chiama\u2026 si dai il coso l\u00ec sul tavolo!\u201d ahahahah mi fa sempre ridere vedere il vostro apparato pensante prendervi in giro. [&hellip;]<\/p>","protected":false},"author":1,"featured_media":0,"parent":0,"menu_order":0,"comment_status":"closed","ping_status":"closed","template":"","meta":{"footnotes":""},"class_list":["post-129","page","type-page","status-publish","hentry"],"yoast_head":"<!-- This site is optimized with the Yoast SEO plugin v25.3 - https:\/\/yoast.com\/wordpress\/plugins\/seo\/ -->\n<title>(20) Coso - LAUGH TALES<\/title>\n<meta name=\"robots\" content=\"index, follow, max-snippet:-1, max-image-preview:large, max-video-preview:-1\" \/>\n<link rel=\"canonical\" href=\"https:\/\/www.laughtales.it\/en\/thingy\/\" \/>\n<meta property=\"og:locale\" content=\"en_GB\" \/>\n<meta property=\"og:type\" content=\"article\" \/>\n<meta property=\"og:title\" content=\"(20) Coso - LAUGH TALES\" \/>\n<meta property=\"og:description\" content=\"Coso Ciao.Sono Coso. \u00c8 il mio vero nome; nonch\u00e9 il mio nome completo.Mi giro spesso perch\u00e8 quando non vi ricordate il nome di qualcosa, iniziate a dire \u201cdai passami\u2026 si dai quello, come si chiama\u2026 si dai il coso l\u00ec sul tavolo!\u201d ahahahah mi fa sempre ridere vedere il vostro apparato pensante prendervi in giro. [&hellip;]\" \/>\n<meta property=\"og:url\" content=\"https:\/\/www.laughtales.it\/en\/thingy\/\" \/>\n<meta property=\"og:site_name\" content=\"LAUGH TALES\" \/>\n<meta property=\"article:modified_time\" content=\"2024-09-05T08:57:51+00:00\" \/>\n<meta property=\"og:image\" content=\"https:\/\/www.laughtales.it\/wp-content\/uploads\/2024\/07\/20-img-1024x1024.webp\" \/>\n<meta name=\"twitter:card\" content=\"summary_large_image\" \/>\n<meta name=\"twitter:site\" content=\"@The_Prodigy_Lab\" \/>\n<meta name=\"twitter:label1\" content=\"Estimated reading time\" \/>\n\t<meta name=\"twitter:data1\" content=\"3 minutes\" \/>\n<script type=\"application\/ld+json\" class=\"yoast-schema-graph\">{\"@context\":\"https:\/\/schema.org\",\"@graph\":[{\"@type\":\"WebPage\",\"@id\":\"https:\/\/www.laughtales.it\/thingy\/\",\"url\":\"https:\/\/www.laughtales.it\/thingy\/\",\"name\":\"(20) Coso - LAUGH TALES\",\"isPartOf\":{\"@id\":\"https:\/\/www.laughtales.it\/#website\"},\"primaryImageOfPage\":{\"@id\":\"https:\/\/www.laughtales.it\/thingy\/#primaryimage\"},\"image\":{\"@id\":\"https:\/\/www.laughtales.it\/thingy\/#primaryimage\"},\"thumbnailUrl\":\"https:\/\/www.laughtales.it\/wp-content\/uploads\/2024\/07\/20-img-1024x1024.webp\",\"datePublished\":\"2024-07-15T10:12:48+00:00\",\"dateModified\":\"2024-09-05T08:57:51+00:00\",\"breadcrumb\":{\"@id\":\"https:\/\/www.laughtales.it\/thingy\/#breadcrumb\"},\"inLanguage\":\"en-GB\",\"potentialAction\":[{\"@type\":\"ReadAction\",\"target\":[\"https:\/\/www.laughtales.it\/thingy\/\"]}]},{\"@type\":\"ImageObject\",\"inLanguage\":\"en-GB\",\"@id\":\"https:\/\/www.laughtales.it\/thingy\/#primaryimage\",\"url\":\"https:\/\/www.laughtales.it\/wp-content\/uploads\/2024\/07\/20-img-1024x1024.webp\",\"contentUrl\":\"https:\/\/www.laughtales.it\/wp-content\/uploads\/2024\/07\/20-img-1024x1024.webp\"},{\"@type\":\"BreadcrumbList\",\"@id\":\"https:\/\/www.laughtales.it\/thingy\/#breadcrumb\",\"itemListElement\":[{\"@type\":\"ListItem\",\"position\":1,\"name\":\"Home\",\"item\":\"https:\/\/www.laughtales.it\/\"},{\"@type\":\"ListItem\",\"position\":2,\"name\":\"(20) Coso\"}]},{\"@type\":\"WebSite\",\"@id\":\"https:\/\/www.laughtales.it\/#website\",\"url\":\"https:\/\/www.laughtales.it\/\",\"name\":\"LAUGH TALES\",\"description\":\"\",\"publisher\":{\"@id\":\"https:\/\/www.laughtales.it\/#organization\"},\"potentialAction\":[{\"@type\":\"SearchAction\",\"target\":{\"@type\":\"EntryPoint\",\"urlTemplate\":\"https:\/\/www.laughtales.it\/?s={search_term_string}\"},\"query-input\":{\"@type\":\"PropertyValueSpecification\",\"valueRequired\":true,\"valueName\":\"search_term_string\"}}],\"inLanguage\":\"en-GB\"},{\"@type\":\"Organization\",\"@id\":\"https:\/\/www.laughtales.it\/#organization\",\"name\":\"LAUGH TALES\",\"url\":\"https:\/\/www.laughtales.it\/\",\"logo\":{\"@type\":\"ImageObject\",\"inLanguage\":\"en-GB\",\"@id\":\"https:\/\/www.laughtales.it\/#\/schema\/logo\/image\/\",\"url\":\"https:\/\/www.laughtales.it\/wp-content\/uploads\/2024\/07\/favicon.webp\",\"contentUrl\":\"https:\/\/www.laughtales.it\/wp-content\/uploads\/2024\/07\/favicon.webp\",\"width\":512,\"height\":512,\"caption\":\"LAUGH TALES\"},\"image\":{\"@id\":\"https:\/\/www.laughtales.it\/#\/schema\/logo\/image\/\"},\"sameAs\":[\"https:\/\/x.com\/The_Prodigy_Lab\",\"https:\/\/x.com\/Sir_Polpo\",\"https:\/\/x.com\/Sir__JJ\",\"https:\/\/discord.com\/invite\/aT8H4Na5\",\"https:\/\/opensea.io\/collection\/thinkex-machina\"]}]}<\/script>\n<!-- \/ Yoast SEO plugin. -->","yoast_head_json":{"title":"(20) Coso - LAUGH TALES","robots":{"index":"index","follow":"follow","max-snippet":"max-snippet:-1","max-image-preview":"max-image-preview:large","max-video-preview":"max-video-preview:-1"},"canonical":"https:\/\/www.laughtales.it\/en\/thingy\/","og_locale":"en_GB","og_type":"article","og_title":"(20) Coso - LAUGH TALES","og_description":"Coso Ciao.Sono Coso. \u00c8 il mio vero nome; nonch\u00e9 il mio nome completo.Mi giro spesso perch\u00e8 quando non vi ricordate il nome di qualcosa, iniziate a dire \u201cdai passami\u2026 si dai quello, come si chiama\u2026 si dai il coso l\u00ec sul tavolo!\u201d ahahahah mi fa sempre ridere vedere il vostro apparato pensante prendervi in giro. [&hellip;]","og_url":"https:\/\/www.laughtales.it\/en\/thingy\/","og_site_name":"LAUGH TALES","article_modified_time":"2024-09-05T08:57:51+00:00","og_image":[{"url":"https:\/\/www.laughtales.it\/wp-content\/uploads\/2024\/07\/20-img-1024x1024.webp","type":"","width":"","height":""}],"twitter_card":"summary_large_image","twitter_site":"@The_Prodigy_Lab","twitter_misc":{"Estimated reading time":"3 minutes"},"schema":{"@context":"https:\/\/schema.org","@graph":[{"@type":"WebPage","@id":"https:\/\/www.laughtales.it\/thingy\/","url":"https:\/\/www.laughtales.it\/thingy\/","name":"(20) Coso - LAUGH TALES","isPartOf":{"@id":"https:\/\/www.laughtales.it\/#website"},"primaryImageOfPage":{"@id":"https:\/\/www.laughtales.it\/thingy\/#primaryimage"},"image":{"@id":"https:\/\/www.laughtales.it\/thingy\/#primaryimage"},"thumbnailUrl":"https:\/\/www.laughtales.it\/wp-content\/uploads\/2024\/07\/20-img-1024x1024.webp","datePublished":"2024-07-15T10:12:48+00:00","dateModified":"2024-09-05T08:57:51+00:00","breadcrumb":{"@id":"https:\/\/www.laughtales.it\/thingy\/#breadcrumb"},"inLanguage":"en-GB","potentialAction":[{"@type":"ReadAction","target":["https:\/\/www.laughtales.it\/thingy\/"]}]},{"@type":"ImageObject","inLanguage":"en-GB","@id":"https:\/\/www.laughtales.it\/thingy\/#primaryimage","url":"https:\/\/www.laughtales.it\/wp-content\/uploads\/2024\/07\/20-img-1024x1024.webp","contentUrl":"https:\/\/www.laughtales.it\/wp-content\/uploads\/2024\/07\/20-img-1024x1024.webp"},{"@type":"BreadcrumbList","@id":"https:\/\/www.laughtales.it\/thingy\/#breadcrumb","itemListElement":[{"@type":"ListItem","position":1,"name":"Home","item":"https:\/\/www.laughtales.it\/"},{"@type":"ListItem","position":2,"name":"(20) Coso"}]},{"@type":"WebSite","@id":"https:\/\/www.laughtales.it\/#website","url":"https:\/\/www.laughtales.it\/","name":"LAUGH TALES","description":"","publisher":{"@id":"https:\/\/www.laughtales.it\/#organization"},"potentialAction":[{"@type":"SearchAction","target":{"@type":"EntryPoint","urlTemplate":"https:\/\/www.laughtales.it\/?s={search_term_string}"},"query-input":{"@type":"PropertyValueSpecification","valueRequired":true,"valueName":"search_term_string"}}],"inLanguage":"en-GB"},{"@type":"Organization","@id":"https:\/\/www.laughtales.it\/#organization","name":"LAUGH TALES","url":"https:\/\/www.laughtales.it\/","logo":{"@type":"ImageObject","inLanguage":"en-GB","@id":"https:\/\/www.laughtales.it\/#\/schema\/logo\/image\/","url":"https:\/\/www.laughtales.it\/wp-content\/uploads\/2024\/07\/favicon.webp","contentUrl":"https:\/\/www.laughtales.it\/wp-content\/uploads\/2024\/07\/favicon.webp","width":512,"height":512,"caption":"LAUGH TALES"},"image":{"@id":"https:\/\/www.laughtales.it\/#\/schema\/logo\/image\/"},"sameAs":["https:\/\/x.com\/The_Prodigy_Lab","https:\/\/x.com\/Sir_Polpo","https:\/\/x.com\/Sir__JJ","https:\/\/discord.com\/invite\/aT8H4Na5","https:\/\/opensea.io\/collection\/thinkex-machina"]}]}},"_links":{"self":[{"href":"https:\/\/www.laughtales.it\/en\/wp-json\/wp\/v2\/pages\/129","targetHints":{"allow":["GET"]}}],"collection":[{"href":"https:\/\/www.laughtales.it\/en\/wp-json\/wp\/v2\/pages"}],"about":[{"href":"https:\/\/www.laughtales.it\/en\/wp-json\/wp\/v2\/types\/page"}],"author":[{"embeddable":true,"href":"https:\/\/www.laughtales.it\/en\/wp-json\/wp\/v2\/users\/1"}],"replies":[{"embeddable":true,"href":"https:\/\/www.laughtales.it\/en\/wp-json\/wp\/v2\/comments?post=129"}],"version-history":[{"count":0,"href":"https:\/\/www.laughtales.it\/en\/wp-json\/wp\/v2\/pages\/129\/revisions"}],"wp:attachment":[{"href":"https:\/\/www.laughtales.it\/en\/wp-json\/wp\/v2\/media?parent=129"}],"curies":[{"name":"wp","href":"https:\/\/api.w.org\/{rel}","templated":true}]}}