{"id":160,"date":"2024-07-15T12:53:53","date_gmt":"2024-07-15T10:53:53","guid":{"rendered":"https:\/\/www.laughtales.it\/?page_id=160"},"modified":"2024-07-17T08:48:21","modified_gmt":"2024-07-17T06:48:21","slug":"cyclone","status":"publish","type":"page","link":"https:\/\/www.laughtales.it\/en\/cyclone\/","title":{"rendered":"(16) Cyclone"},"content":{"rendered":"<div data-elementor-type=\"wp-page\" data-elementor-id=\"160\" class=\"elementor elementor-160\" data-elementor-post-type=\"page\">\n\t\t\t\t<div data-particle_enable=\"false\" data-particle-mobile-disabled=\"false\" class=\"elementor-element elementor-element-58108844 e-flex e-con-boxed e-con e-parent\" data-id=\"58108844\" data-element_type=\"container\">\n\t\t\t\t\t<div class=\"e-con-inner\">\n\t\t<div data-particle_enable=\"false\" data-particle-mobile-disabled=\"false\" class=\"elementor-element elementor-element-cfa15c0 e-con-full e-flex e-con e-child\" data-id=\"cfa15c0\" data-element_type=\"container\">\n\t\t\t\t<div class=\"elementor-element elementor-element-9810b85 elementor-widget elementor-widget-heading\" data-id=\"9810b85\" data-element_type=\"widget\" data-widget_type=\"heading.default\">\n\t\t\t\t<div class=\"elementor-widget-container\">\n\t\t\t\t\t<h1 class=\"elementor-heading-title elementor-size-default\">Cyclone<\/h1>\t\t\t\t<\/div>\n\t\t\t\t<\/div>\n\t\t\t\t<div class=\"elementor-element elementor-element-491e0ca elementor-widget elementor-widget-image\" data-id=\"491e0ca\" data-element_type=\"widget\" data-widget_type=\"image.default\">\n\t\t\t\t<div class=\"elementor-widget-container\">\n\t\t\t\t\t\t\t\t\t\t\t\t\t\t\t<img fetchpriority=\"high\" decoding=\"async\" width=\"800\" height=\"800\" src=\"https:\/\/www.laughtales.it\/wp-content\/uploads\/2024\/07\/16-img-1024x1024.webp\" class=\"attachment-large size-large wp-image-35\" alt=\"\" srcset=\"https:\/\/www.laughtales.it\/wp-content\/uploads\/2024\/07\/16-img-1024x1024.webp 1024w, https:\/\/www.laughtales.it\/wp-content\/uploads\/2024\/07\/16-img-300x300.webp 300w, https:\/\/www.laughtales.it\/wp-content\/uploads\/2024\/07\/16-img-150x150.webp 150w, https:\/\/www.laughtales.it\/wp-content\/uploads\/2024\/07\/16-img-768x768.webp 768w, https:\/\/www.laughtales.it\/wp-content\/uploads\/2024\/07\/16-img-1536x1536.webp 1536w, https:\/\/www.laughtales.it\/wp-content\/uploads\/2024\/07\/16-img-12x12.webp 12w, https:\/\/www.laughtales.it\/wp-content\/uploads\/2024\/07\/16-img.webp 2000w\" sizes=\"(max-width: 800px) 100vw, 800px\" \/>\t\t\t\t\t\t\t\t\t\t\t\t\t\t\t<\/div>\n\t\t\t\t<\/div>\n\t\t\t\t<div class=\"elementor-element elementor-element-32b7b16 elementor-widget elementor-widget-text-editor\" data-id=\"32b7b16\" data-element_type=\"widget\" data-widget_type=\"text-editor.default\">\n\t\t\t\t<div class=\"elementor-widget-container\">\n\t\t\t\t\t\t\t\t\t<p>\"Oh man, this time it's bigger than usual. Every time it comes back, it's always more imposing and difficult to manage. It's as if life experiences feed Cyclone with their tasty load of discomfort\u2026 Maybe my impression and perception make Cyclone bigger than it really is.<\/p>\n<p>But I&#039;m not sure.<\/p><p>Anyway, I have to try to calm it down again. This emotional typhoon is blowing so hard it's sweeping away the tranquility of my mental plan. Emotional and mental are intertwined like a wicker basket; my ability must make them work together as individual entities. Otherwise, Cyclone will sweep me away like the song of a black siren.<\/p>\n<p>But\u2026 but every time I calm Cyclone, it eventually comes back, like a disease where only the symptoms are treated and not the cause. So, I should\u2026<\/p>\n<p style=\"text-align:center;\">\ud83d\udca1<\/p>\n<p style=\"text-align:center;\">I must find the cause!<\/p>\n<p>And how do I find the cause? I guess I must look inside myself, I have no other choice. I have to accept my mistakes, my faults, and my inadequacies, and only then I can transform the destructive into the constructive!<br>Man, you make it sound easy\u2026 I don't feel like analyzing myself, I'm not ready to take responsibility, I'm not strong enough to live with my failures. It's so easy to judge others and see what's wrong with them, why do I have to be the one to evaluate myself? Just because every word said about others is actually a judgment we're making about ourselves?! It sounds\u2026 crap, it sounds smart, how did I come up with that?<br>It's true though, I already realized that it's easy for me to see my flaws in others and judge them based on mine; they're flaws I know so well that I can even predict their actions. Because they're mine, darn it.<\/p>\n<p style=\"text-align:center;\"><i>Cyclone swirls stronger<\/i><\/p>\n<p>Come on, you're the only one missing! Grrr, maybe I'm doing something wrong\u2026 What should I focus on? But more than anything, what do I really have power over? \u2026 Beyond myself, nothing. And let's start from there.<\/p>\n<p style=\"text-align:center;\">** Three deep breaths **<br>~~~<br>~~~<br>~~~<br>** We can start **<\/p>\n<p>Okay, let's see what my body tells me\u2026: it's fine, my lower back is slightly sore, I have a little pain in my right knee but nothing serious, except for my heart pounding as soon as I see and visualize Cyclone.<br>Now I calm down the emotions, like a calm lake on a summer day when the sun lights up the world. The landscape reflects in those clear and still waters, reminiscent of a rock in the midst of the storm.<br>The sky is clear, serene, like my mental plan. The clouds of destructive thoughts have gone away on the wings of the wind of awareness. Just in time to decorate the sky with these new and pure thoughts.<br>And now the most difficult and fun part\u2026 It's time to dive into myself, without judgment and preconceptions, without notions and knowledge, letting go of the concrete mind and relying solely on the intuitive mind. Some say that only this way can unite with one's soul and complete oneself, managing to grab the essence of the Self. Bah, those who read what I write know I have other interests, it's just that I enjoy being as white and pure as Light. And now I want to intuit how to Be.<br>.<br>.<br>.<br>.<br>.<\/p>\n<p>Oooookkeeeeyyy\u2026\u2026\u2026<br>I&#039;m here, I can face Cyclone!<\/p>\n<p style=\"text-align:center;\">** He turns, covering his eyes from the sun **<\/p>\n<p>But\u2026 Where&#039;s cyclone?&quot;<\/p>\t\t\t\t\t\t\t\t<\/div>\n\t\t\t\t<\/div>\n\t\t\t\t<div class=\"elementor-element elementor-element-fa609c9 elementor-align-center opensea-button elementor-widget elementor-widget-button\" data-id=\"fa609c9\" data-element_type=\"widget\" data-widget_type=\"button.default\">\n\t\t\t\t<div class=\"elementor-widget-container\">\n\t\t\t\t\t\t\t\t\t<div class=\"elementor-button-wrapper\">\n\t\t\t\t\t<a class=\"elementor-button elementor-button-link elementor-size-sm elementor-animation-grow\" href=\"https:\/\/opensea.io\/assets\/matic\/0x21c88c6946e568edcc23f98231ec04c05a077c98\/5\" target=\"_blank\">\n\t\t\t\t\t\t<span class=\"elementor-button-content-wrapper\">\n\t\t\t\t\t\t<span class=\"elementor-button-icon\">\n\t\t\t\t<svg xmlns=\"http:\/\/www.w3.org\/2000\/svg\" width=\"360\" height=\"360\" viewbox=\"0 0 360 360\" fill=\"none\"><g clip-path=\"url(#clip0_3_69)\"><g clip-path=\"url(#clip1_3_69)\"><path d=\"M181.566 1.00604e-05C80.91 -0.82799 -0.82799 80.91 1.00604e-05 181.566C0.84601 279.306 80.694 359.172 178.416 359.982C279.072 360.846 360.846 279.072 359.982 178.416C359.172 80.712 279.306 0.84601 181.566 1.00604e-05ZM127.746 89.586C139.266 104.22 146.16 122.742 146.16 142.83C146.16 160.236 140.994 176.436 132.12 189.954H69.714L127.728 89.568L127.746 89.586ZM318.006 199.242V212.202C318.006 213.048 317.556 213.768 316.782 214.092C312.552 215.892 298.602 222.372 292.788 230.436C277.812 251.28 266.382 284.04 240.822 284.04H134.172C96.408 284.04 64.818 254.07 64.836 214.146C64.836 213.156 65.682 212.346 66.672 212.346H117.216C118.962 212.346 120.33 213.75 120.33 215.46V225.216C120.33 230.4 124.524 234.612 129.726 234.612H168.066V212.292H141.876C156.942 193.212 165.906 169.128 165.906 142.902C165.906 113.652 154.692 86.976 136.332 67.032C147.438 68.328 158.058 70.542 168.066 73.476V67.266C168.066 60.822 173.286 55.602 179.73 55.602C186.174 55.602 191.394 60.822 191.394 67.266V82.242C227.178 98.946 250.614 126.666 250.614 158.022C250.614 176.418 242.568 193.536 228.69 207.936C226.026 210.69 222.336 212.256 218.466 212.256H191.412V234.54H225.378C232.704 234.54 245.844 220.644 252.072 212.274C252.072 212.274 252.342 211.86 253.062 211.644C253.782 211.428 315.432 197.28 315.432 197.28C316.728 196.92 318.006 197.91 318.006 199.224V199.242Z\" fill=\"white\"><\/path><\/g><\/g><defs><clippath id=\"clip0_3_69\"><rect width=\"360\" height=\"360\" fill=\"white\"><\/rect><\/clippath><clippath id=\"clip1_3_69\"><rect width=\"360\" height=\"360\" fill=\"white\"><\/rect><\/clippath><\/defs><\/svg>\t\t\t<\/span>\n\t\t\t\t\t\t\t\t\t<span class=\"elementor-button-text\">Buy on OpenSea<\/span>\n\t\t\t\t\t<\/span>\n\t\t\t\t\t<\/a>\n\t\t\t\t<\/div>\n\t\t\t\t\t\t\t\t<\/div>\n\t\t\t\t<\/div>\n\t\t\t\t<\/div>\n\t\t\t\t\t<\/div>\n\t\t\t\t<\/div>\n\t\t\t\t<\/div>","protected":false},"excerpt":{"rendered":"<p>Ciclone Oh cavolo, questa volta \u00e8 pi\u00f9 grande del solito. Ogni volta che torna, \u00e8 sempre pi\u00f9 imponente e difficile da gestire. \u00c8 come se le esperienze della vita rifocillassero Ciclone con il loro gustoso carico di malessere\u2026 Cos\u00ec, su due piedi, mi verrebbe da dire che anche la mia impressione e la mia percezione [&hellip;]<\/p>","protected":false},"author":1,"featured_media":0,"parent":0,"menu_order":0,"comment_status":"closed","ping_status":"closed","template":"","meta":{"footnotes":""},"class_list":["post-160","page","type-page","status-publish","hentry"],"yoast_head":"<!-- This site is optimized with the Yoast SEO plugin v25.3 - https:\/\/yoast.com\/wordpress\/plugins\/seo\/ -->\n<title>(16) Ciclone - LAUGH TALES<\/title>\n<meta name=\"robots\" content=\"index, follow, max-snippet:-1, max-image-preview:large, max-video-preview:-1\" \/>\n<link rel=\"canonical\" href=\"https:\/\/www.laughtales.it\/en\/cyclone\/\" \/>\n<meta property=\"og:locale\" content=\"en_GB\" \/>\n<meta property=\"og:type\" content=\"article\" \/>\n<meta property=\"og:title\" content=\"(16) Ciclone - LAUGH TALES\" \/>\n<meta property=\"og:description\" content=\"Ciclone Oh cavolo, questa volta \u00e8 pi\u00f9 grande del solito. Ogni volta che torna, \u00e8 sempre pi\u00f9 imponente e difficile da gestire. \u00c8 come se le esperienze della vita rifocillassero Ciclone con il loro gustoso carico di malessere\u2026 Cos\u00ec, su due piedi, mi verrebbe da dire che anche la mia impressione e la mia percezione [&hellip;]\" \/>\n<meta property=\"og:url\" content=\"https:\/\/www.laughtales.it\/en\/cyclone\/\" \/>\n<meta property=\"og:site_name\" content=\"LAUGH TALES\" \/>\n<meta property=\"article:modified_time\" content=\"2024-07-17T06:48:21+00:00\" \/>\n<meta property=\"og:image\" content=\"https:\/\/www.laughtales.it\/wp-content\/uploads\/2024\/07\/16-img-1024x1024.webp\" \/>\n<meta name=\"twitter:card\" content=\"summary_large_image\" \/>\n<meta name=\"twitter:site\" content=\"@The_Prodigy_Lab\" \/>\n<meta name=\"twitter:label1\" content=\"Estimated reading time\" \/>\n\t<meta name=\"twitter:data1\" content=\"3 minutes\" \/>\n<script type=\"application\/ld+json\" class=\"yoast-schema-graph\">{\"@context\":\"https:\/\/schema.org\",\"@graph\":[{\"@type\":\"WebPage\",\"@id\":\"https:\/\/www.laughtales.it\/cyclone\/\",\"url\":\"https:\/\/www.laughtales.it\/cyclone\/\",\"name\":\"(16) Ciclone - LAUGH TALES\",\"isPartOf\":{\"@id\":\"https:\/\/www.laughtales.it\/#website\"},\"primaryImageOfPage\":{\"@id\":\"https:\/\/www.laughtales.it\/cyclone\/#primaryimage\"},\"image\":{\"@id\":\"https:\/\/www.laughtales.it\/cyclone\/#primaryimage\"},\"thumbnailUrl\":\"https:\/\/www.laughtales.it\/wp-content\/uploads\/2024\/07\/16-img-1024x1024.webp\",\"datePublished\":\"2024-07-15T10:53:53+00:00\",\"dateModified\":\"2024-07-17T06:48:21+00:00\",\"breadcrumb\":{\"@id\":\"https:\/\/www.laughtales.it\/cyclone\/#breadcrumb\"},\"inLanguage\":\"en-GB\",\"potentialAction\":[{\"@type\":\"ReadAction\",\"target\":[\"https:\/\/www.laughtales.it\/cyclone\/\"]}]},{\"@type\":\"ImageObject\",\"inLanguage\":\"en-GB\",\"@id\":\"https:\/\/www.laughtales.it\/cyclone\/#primaryimage\",\"url\":\"https:\/\/www.laughtales.it\/wp-content\/uploads\/2024\/07\/16-img-1024x1024.webp\",\"contentUrl\":\"https:\/\/www.laughtales.it\/wp-content\/uploads\/2024\/07\/16-img-1024x1024.webp\"},{\"@type\":\"BreadcrumbList\",\"@id\":\"https:\/\/www.laughtales.it\/cyclone\/#breadcrumb\",\"itemListElement\":[{\"@type\":\"ListItem\",\"position\":1,\"name\":\"Home\",\"item\":\"https:\/\/www.laughtales.it\/\"},{\"@type\":\"ListItem\",\"position\":2,\"name\":\"(16) Ciclone\"}]},{\"@type\":\"WebSite\",\"@id\":\"https:\/\/www.laughtales.it\/#website\",\"url\":\"https:\/\/www.laughtales.it\/\",\"name\":\"LAUGH TALES\",\"description\":\"\",\"publisher\":{\"@id\":\"https:\/\/www.laughtales.it\/#organization\"},\"potentialAction\":[{\"@type\":\"SearchAction\",\"target\":{\"@type\":\"EntryPoint\",\"urlTemplate\":\"https:\/\/www.laughtales.it\/?s={search_term_string}\"},\"query-input\":{\"@type\":\"PropertyValueSpecification\",\"valueRequired\":true,\"valueName\":\"search_term_string\"}}],\"inLanguage\":\"en-GB\"},{\"@type\":\"Organization\",\"@id\":\"https:\/\/www.laughtales.it\/#organization\",\"name\":\"LAUGH TALES\",\"url\":\"https:\/\/www.laughtales.it\/\",\"logo\":{\"@type\":\"ImageObject\",\"inLanguage\":\"en-GB\",\"@id\":\"https:\/\/www.laughtales.it\/#\/schema\/logo\/image\/\",\"url\":\"https:\/\/www.laughtales.it\/wp-content\/uploads\/2024\/07\/favicon.webp\",\"contentUrl\":\"https:\/\/www.laughtales.it\/wp-content\/uploads\/2024\/07\/favicon.webp\",\"width\":512,\"height\":512,\"caption\":\"LAUGH TALES\"},\"image\":{\"@id\":\"https:\/\/www.laughtales.it\/#\/schema\/logo\/image\/\"},\"sameAs\":[\"https:\/\/x.com\/The_Prodigy_Lab\",\"https:\/\/x.com\/Sir_Polpo\",\"https:\/\/x.com\/Sir__JJ\",\"https:\/\/discord.com\/invite\/aT8H4Na5\",\"https:\/\/opensea.io\/collection\/thinkex-machina\"]}]}<\/script>\n<!-- \/ Yoast SEO plugin. -->","yoast_head_json":{"title":"(16) Ciclone - LAUGH TALES","robots":{"index":"index","follow":"follow","max-snippet":"max-snippet:-1","max-image-preview":"max-image-preview:large","max-video-preview":"max-video-preview:-1"},"canonical":"https:\/\/www.laughtales.it\/en\/cyclone\/","og_locale":"en_GB","og_type":"article","og_title":"(16) Ciclone - LAUGH TALES","og_description":"Ciclone Oh cavolo, questa volta \u00e8 pi\u00f9 grande del solito. Ogni volta che torna, \u00e8 sempre pi\u00f9 imponente e difficile da gestire. \u00c8 come se le esperienze della vita rifocillassero Ciclone con il loro gustoso carico di malessere\u2026 Cos\u00ec, su due piedi, mi verrebbe da dire che anche la mia impressione e la mia percezione [&hellip;]","og_url":"https:\/\/www.laughtales.it\/en\/cyclone\/","og_site_name":"LAUGH TALES","article_modified_time":"2024-07-17T06:48:21+00:00","og_image":[{"url":"https:\/\/www.laughtales.it\/wp-content\/uploads\/2024\/07\/16-img-1024x1024.webp","type":"","width":"","height":""}],"twitter_card":"summary_large_image","twitter_site":"@The_Prodigy_Lab","twitter_misc":{"Estimated reading time":"3 minutes"},"schema":{"@context":"https:\/\/schema.org","@graph":[{"@type":"WebPage","@id":"https:\/\/www.laughtales.it\/cyclone\/","url":"https:\/\/www.laughtales.it\/cyclone\/","name":"(16) Ciclone - LAUGH TALES","isPartOf":{"@id":"https:\/\/www.laughtales.it\/#website"},"primaryImageOfPage":{"@id":"https:\/\/www.laughtales.it\/cyclone\/#primaryimage"},"image":{"@id":"https:\/\/www.laughtales.it\/cyclone\/#primaryimage"},"thumbnailUrl":"https:\/\/www.laughtales.it\/wp-content\/uploads\/2024\/07\/16-img-1024x1024.webp","datePublished":"2024-07-15T10:53:53+00:00","dateModified":"2024-07-17T06:48:21+00:00","breadcrumb":{"@id":"https:\/\/www.laughtales.it\/cyclone\/#breadcrumb"},"inLanguage":"en-GB","potentialAction":[{"@type":"ReadAction","target":["https:\/\/www.laughtales.it\/cyclone\/"]}]},{"@type":"ImageObject","inLanguage":"en-GB","@id":"https:\/\/www.laughtales.it\/cyclone\/#primaryimage","url":"https:\/\/www.laughtales.it\/wp-content\/uploads\/2024\/07\/16-img-1024x1024.webp","contentUrl":"https:\/\/www.laughtales.it\/wp-content\/uploads\/2024\/07\/16-img-1024x1024.webp"},{"@type":"BreadcrumbList","@id":"https:\/\/www.laughtales.it\/cyclone\/#breadcrumb","itemListElement":[{"@type":"ListItem","position":1,"name":"Home","item":"https:\/\/www.laughtales.it\/"},{"@type":"ListItem","position":2,"name":"(16) Ciclone"}]},{"@type":"WebSite","@id":"https:\/\/www.laughtales.it\/#website","url":"https:\/\/www.laughtales.it\/","name":"LAUGH TALES","description":"","publisher":{"@id":"https:\/\/www.laughtales.it\/#organization"},"potentialAction":[{"@type":"SearchAction","target":{"@type":"EntryPoint","urlTemplate":"https:\/\/www.laughtales.it\/?s={search_term_string}"},"query-input":{"@type":"PropertyValueSpecification","valueRequired":true,"valueName":"search_term_string"}}],"inLanguage":"en-GB"},{"@type":"Organization","@id":"https:\/\/www.laughtales.it\/#organization","name":"LAUGH TALES","url":"https:\/\/www.laughtales.it\/","logo":{"@type":"ImageObject","inLanguage":"en-GB","@id":"https:\/\/www.laughtales.it\/#\/schema\/logo\/image\/","url":"https:\/\/www.laughtales.it\/wp-content\/uploads\/2024\/07\/favicon.webp","contentUrl":"https:\/\/www.laughtales.it\/wp-content\/uploads\/2024\/07\/favicon.webp","width":512,"height":512,"caption":"LAUGH TALES"},"image":{"@id":"https:\/\/www.laughtales.it\/#\/schema\/logo\/image\/"},"sameAs":["https:\/\/x.com\/The_Prodigy_Lab","https:\/\/x.com\/Sir_Polpo","https:\/\/x.com\/Sir__JJ","https:\/\/discord.com\/invite\/aT8H4Na5","https:\/\/opensea.io\/collection\/thinkex-machina"]}]}},"_links":{"self":[{"href":"https:\/\/www.laughtales.it\/en\/wp-json\/wp\/v2\/pages\/160","targetHints":{"allow":["GET"]}}],"collection":[{"href":"https:\/\/www.laughtales.it\/en\/wp-json\/wp\/v2\/pages"}],"about":[{"href":"https:\/\/www.laughtales.it\/en\/wp-json\/wp\/v2\/types\/page"}],"author":[{"embeddable":true,"href":"https:\/\/www.laughtales.it\/en\/wp-json\/wp\/v2\/users\/1"}],"replies":[{"embeddable":true,"href":"https:\/\/www.laughtales.it\/en\/wp-json\/wp\/v2\/comments?post=160"}],"version-history":[{"count":0,"href":"https:\/\/www.laughtales.it\/en\/wp-json\/wp\/v2\/pages\/160\/revisions"}],"wp:attachment":[{"href":"https:\/\/www.laughtales.it\/en\/wp-json\/wp\/v2\/media?parent=160"}],"curies":[{"name":"wp","href":"https:\/\/api.w.org\/{rel}","templated":true}]}}