{"id":319,"date":"2024-08-11T16:03:46","date_gmt":"2024-08-11T14:03:46","guid":{"rendered":"https:\/\/www.laughtales.it\/?page_id=319"},"modified":"2024-08-13T12:00:29","modified_gmt":"2024-08-13T10:00:29","slug":"before-sleeping","status":"publish","type":"page","link":"https:\/\/www.laughtales.it\/en\/before-sleeping\/","title":{"rendered":"(8) Before sleeping"},"content":{"rendered":"<div data-elementor-type=\"wp-page\" data-elementor-id=\"319\" class=\"elementor elementor-319\" data-elementor-post-type=\"page\">\n\t\t\t\t<div data-particle_enable=\"false\" data-particle-mobile-disabled=\"false\" class=\"elementor-element elementor-element-58108844 e-flex e-con-boxed e-con e-parent\" data-id=\"58108844\" data-element_type=\"container\">\n\t\t\t\t\t<div class=\"e-con-inner\">\n\t\t<div data-particle_enable=\"false\" data-particle-mobile-disabled=\"false\" class=\"elementor-element elementor-element-cfa15c0 e-con-full e-flex e-con e-child\" data-id=\"cfa15c0\" data-element_type=\"container\">\n\t\t\t\t<div class=\"elementor-element elementor-element-9810b85 elementor-widget elementor-widget-heading\" data-id=\"9810b85\" data-element_type=\"widget\" data-widget_type=\"heading.default\">\n\t\t\t\t<div class=\"elementor-widget-container\">\n\t\t\t\t\t<h1 class=\"elementor-heading-title elementor-size-default\">Before sleeping<\/h1>\t\t\t\t<\/div>\n\t\t\t\t<\/div>\n\t\t\t\t<div class=\"elementor-element elementor-element-491e0ca elementor-widget elementor-widget-image\" data-id=\"491e0ca\" data-element_type=\"widget\" data-widget_type=\"image.default\">\n\t\t\t\t<div class=\"elementor-widget-container\">\n\t\t\t\t\t\t\t\t\t\t\t\t\t\t\t<img fetchpriority=\"high\" decoding=\"async\" width=\"800\" height=\"800\" src=\"https:\/\/www.laughtales.it\/wp-content\/uploads\/2024\/08\/08-img-1024x1024.webp\" class=\"attachment-large size-large wp-image-295\" alt=\"\" srcset=\"https:\/\/www.laughtales.it\/wp-content\/uploads\/2024\/08\/08-img-1024x1024.webp 1024w, https:\/\/www.laughtales.it\/wp-content\/uploads\/2024\/08\/08-img-300x300.webp 300w, https:\/\/www.laughtales.it\/wp-content\/uploads\/2024\/08\/08-img-150x150.webp 150w, https:\/\/www.laughtales.it\/wp-content\/uploads\/2024\/08\/08-img-768x768.webp 768w, https:\/\/www.laughtales.it\/wp-content\/uploads\/2024\/08\/08-img-1536x1536.webp 1536w, https:\/\/www.laughtales.it\/wp-content\/uploads\/2024\/08\/08-img-12x12.webp 12w, https:\/\/www.laughtales.it\/wp-content\/uploads\/2024\/08\/08-img.webp 2000w\" sizes=\"(max-width: 800px) 100vw, 800px\" \/>\t\t\t\t\t\t\t\t\t\t\t\t\t\t\t<\/div>\n\t\t\t\t<\/div>\n\t\t\t\t<div class=\"elementor-element elementor-element-32b7b16 elementor-widget elementor-widget-text-editor\" data-id=\"32b7b16\" data-element_type=\"widget\" data-widget_type=\"text-editor.default\">\n\t\t\t\t<div class=\"elementor-widget-container\">\n\t\t\t\t\t\t\t\t\t<p>Before sleeping<br>I light up<br>dreaming<br>What I can perceive<\/p>\n<p>What I see<br>is the monster within me.<br>It\u2019s just you and me again<br>immersed in the ether.<br>In being<\/p>\n<p>two divided entities<br>harmoniously united<br>we complete each other<br>we engage with each other.<br>But who do I see then,<br>You or me?<\/p>\n<p>The truth is that we all have multiple personalities. We bring them out in times of need and necessity. They are not masks but functions of ourselves. If I think about how many functions a Swiss army knife has, it makes me laugh; think about how many things a simple phone can do.<br>It is important that you always be You, like a rock in the midst of a storm refreshed by the splashes of rain, not wanting the Sun because it already has it within.<br>I am not The Monster, I am the incarnation of the dark parts, hidden even from the Self. Pretending not to see makes you deaf. Deaf to life. We no longer hear its call.<br>There are no dark parts, there are parts not yet illuminated.<br>.<br>.<br>.<br>Oh, look at that... I had a flashlight in my pocket.<\/p>\t\t\t\t\t\t\t\t<\/div>\n\t\t\t\t<\/div>\n\t\t\t\t<div class=\"elementor-element elementor-element-fa609c9 elementor-align-center opensea-button elementor-widget elementor-widget-button\" data-id=\"fa609c9\" data-element_type=\"widget\" data-widget_type=\"button.default\">\n\t\t\t\t<div class=\"elementor-widget-container\">\n\t\t\t\t\t\t\t\t\t<div class=\"elementor-button-wrapper\">\n\t\t\t\t\t<a class=\"elementor-button elementor-button-link elementor-size-sm elementor-animation-grow\" href=\"https:\/\/opensea.io\/assets\/matic\/0x21c88c6946e568edcc23f98231ec04c05a077c98\/2\" target=\"_blank\">\n\t\t\t\t\t\t<span class=\"elementor-button-content-wrapper\">\n\t\t\t\t\t\t<span class=\"elementor-button-icon\">\n\t\t\t\t<svg xmlns=\"http:\/\/www.w3.org\/2000\/svg\" width=\"360\" height=\"360\" viewbox=\"0 0 360 360\" fill=\"none\"><g clip-path=\"url(#clip0_3_69)\"><g clip-path=\"url(#clip1_3_69)\"><path d=\"M181.566 1.00604e-05C80.91 -0.82799 -0.82799 80.91 1.00604e-05 181.566C0.84601 279.306 80.694 359.172 178.416 359.982C279.072 360.846 360.846 279.072 359.982 178.416C359.172 80.712 279.306 0.84601 181.566 1.00604e-05ZM127.746 89.586C139.266 104.22 146.16 122.742 146.16 142.83C146.16 160.236 140.994 176.436 132.12 189.954H69.714L127.728 89.568L127.746 89.586ZM318.006 199.242V212.202C318.006 213.048 317.556 213.768 316.782 214.092C312.552 215.892 298.602 222.372 292.788 230.436C277.812 251.28 266.382 284.04 240.822 284.04H134.172C96.408 284.04 64.818 254.07 64.836 214.146C64.836 213.156 65.682 212.346 66.672 212.346H117.216C118.962 212.346 120.33 213.75 120.33 215.46V225.216C120.33 230.4 124.524 234.612 129.726 234.612H168.066V212.292H141.876C156.942 193.212 165.906 169.128 165.906 142.902C165.906 113.652 154.692 86.976 136.332 67.032C147.438 68.328 158.058 70.542 168.066 73.476V67.266C168.066 60.822 173.286 55.602 179.73 55.602C186.174 55.602 191.394 60.822 191.394 67.266V82.242C227.178 98.946 250.614 126.666 250.614 158.022C250.614 176.418 242.568 193.536 228.69 207.936C226.026 210.69 222.336 212.256 218.466 212.256H191.412V234.54H225.378C232.704 234.54 245.844 220.644 252.072 212.274C252.072 212.274 252.342 211.86 253.062 211.644C253.782 211.428 315.432 197.28 315.432 197.28C316.728 196.92 318.006 197.91 318.006 199.224V199.242Z\" fill=\"white\"><\/path><\/g><\/g><defs><clippath id=\"clip0_3_69\"><rect width=\"360\" height=\"360\" fill=\"white\"><\/rect><\/clippath><clippath id=\"clip1_3_69\"><rect width=\"360\" height=\"360\" fill=\"white\"><\/rect><\/clippath><\/defs><\/svg>\t\t\t<\/span>\n\t\t\t\t\t\t\t\t\t<span class=\"elementor-button-text\">Buy on OpenSea<\/span>\n\t\t\t\t\t<\/span>\n\t\t\t\t\t<\/a>\n\t\t\t\t<\/div>\n\t\t\t\t\t\t\t\t<\/div>\n\t\t\t\t<\/div>\n\t\t\t\t<\/div>\n\t\t\t\t\t<\/div>\n\t\t\t\t<\/div>\n\t\t\t\t<\/div>","protected":false},"excerpt":{"rendered":"<p>Prima di dormire Prima di dormireaccendosognandoCi\u00f2 che posso intuire Quello che vedo\u00e8 il mostro che ho dentro.Siamo di nuovo solo io e teimmersi nell&#8217;etere.Nell&#8217;essere due entit\u00e0 divisearmonicamente uniteci completiamoci coinvolgiamo.Ma quindi chi vedoTu o io? La verit\u00e0 \u00e8 che abbiamo tutti pi\u00f9 personalit\u00e0. Le tiriamo fuori nel momento del bisogno e della necessit\u00e0. Non sono [&hellip;]<\/p>","protected":false},"author":1,"featured_media":0,"parent":0,"menu_order":0,"comment_status":"closed","ping_status":"closed","template":"","meta":{"footnotes":""},"class_list":["post-319","page","type-page","status-publish","hentry"],"yoast_head":"<!-- This site is optimized with the Yoast SEO plugin v25.3 - https:\/\/yoast.com\/wordpress\/plugins\/seo\/ -->\n<title>(8) Prima di dormire - LAUGH TALES<\/title>\n<meta name=\"robots\" content=\"index, follow, max-snippet:-1, max-image-preview:large, max-video-preview:-1\" \/>\n<link rel=\"canonical\" href=\"https:\/\/www.laughtales.it\/en\/before-sleeping\/\" \/>\n<meta property=\"og:locale\" content=\"en_GB\" \/>\n<meta property=\"og:type\" content=\"article\" \/>\n<meta property=\"og:title\" content=\"(8) Prima di dormire - LAUGH TALES\" \/>\n<meta property=\"og:description\" content=\"Prima di dormire Prima di dormireaccendosognandoCi\u00f2 che posso intuire Quello che vedo\u00e8 il mostro che ho dentro.Siamo di nuovo solo io e teimmersi nell&#8217;etere.Nell&#8217;essere due entit\u00e0 divisearmonicamente uniteci completiamoci coinvolgiamo.Ma quindi chi vedoTu o io? La verit\u00e0 \u00e8 che abbiamo tutti pi\u00f9 personalit\u00e0. Le tiriamo fuori nel momento del bisogno e della necessit\u00e0. Non sono [&hellip;]\" \/>\n<meta property=\"og:url\" content=\"https:\/\/www.laughtales.it\/en\/before-sleeping\/\" \/>\n<meta property=\"og:site_name\" content=\"LAUGH TALES\" \/>\n<meta property=\"article:modified_time\" content=\"2024-08-13T10:00:29+00:00\" \/>\n<meta property=\"og:image\" content=\"https:\/\/www.laughtales.it\/wp-content\/uploads\/2024\/08\/08-img-1024x1024.webp\" \/>\n<meta name=\"twitter:card\" content=\"summary_large_image\" \/>\n<meta name=\"twitter:site\" content=\"@The_Prodigy_Lab\" \/>\n<meta name=\"twitter:label1\" content=\"Estimated reading time\" \/>\n\t<meta name=\"twitter:data1\" content=\"1 minute\" \/>\n<script type=\"application\/ld+json\" class=\"yoast-schema-graph\">{\"@context\":\"https:\/\/schema.org\",\"@graph\":[{\"@type\":\"WebPage\",\"@id\":\"https:\/\/www.laughtales.it\/before-sleeping\/\",\"url\":\"https:\/\/www.laughtales.it\/before-sleeping\/\",\"name\":\"(8) Prima di dormire - LAUGH TALES\",\"isPartOf\":{\"@id\":\"https:\/\/www.laughtales.it\/#website\"},\"primaryImageOfPage\":{\"@id\":\"https:\/\/www.laughtales.it\/before-sleeping\/#primaryimage\"},\"image\":{\"@id\":\"https:\/\/www.laughtales.it\/before-sleeping\/#primaryimage\"},\"thumbnailUrl\":\"https:\/\/www.laughtales.it\/wp-content\/uploads\/2024\/08\/08-img-1024x1024.webp\",\"datePublished\":\"2024-08-11T14:03:46+00:00\",\"dateModified\":\"2024-08-13T10:00:29+00:00\",\"breadcrumb\":{\"@id\":\"https:\/\/www.laughtales.it\/before-sleeping\/#breadcrumb\"},\"inLanguage\":\"en-GB\",\"potentialAction\":[{\"@type\":\"ReadAction\",\"target\":[\"https:\/\/www.laughtales.it\/before-sleeping\/\"]}]},{\"@type\":\"ImageObject\",\"inLanguage\":\"en-GB\",\"@id\":\"https:\/\/www.laughtales.it\/before-sleeping\/#primaryimage\",\"url\":\"https:\/\/www.laughtales.it\/wp-content\/uploads\/2024\/08\/08-img-1024x1024.webp\",\"contentUrl\":\"https:\/\/www.laughtales.it\/wp-content\/uploads\/2024\/08\/08-img-1024x1024.webp\"},{\"@type\":\"BreadcrumbList\",\"@id\":\"https:\/\/www.laughtales.it\/before-sleeping\/#breadcrumb\",\"itemListElement\":[{\"@type\":\"ListItem\",\"position\":1,\"name\":\"Home\",\"item\":\"https:\/\/www.laughtales.it\/\"},{\"@type\":\"ListItem\",\"position\":2,\"name\":\"(8) Prima di dormire\"}]},{\"@type\":\"WebSite\",\"@id\":\"https:\/\/www.laughtales.it\/#website\",\"url\":\"https:\/\/www.laughtales.it\/\",\"name\":\"LAUGH TALES\",\"description\":\"\",\"publisher\":{\"@id\":\"https:\/\/www.laughtales.it\/#organization\"},\"potentialAction\":[{\"@type\":\"SearchAction\",\"target\":{\"@type\":\"EntryPoint\",\"urlTemplate\":\"https:\/\/www.laughtales.it\/?s={search_term_string}\"},\"query-input\":{\"@type\":\"PropertyValueSpecification\",\"valueRequired\":true,\"valueName\":\"search_term_string\"}}],\"inLanguage\":\"en-GB\"},{\"@type\":\"Organization\",\"@id\":\"https:\/\/www.laughtales.it\/#organization\",\"name\":\"LAUGH TALES\",\"url\":\"https:\/\/www.laughtales.it\/\",\"logo\":{\"@type\":\"ImageObject\",\"inLanguage\":\"en-GB\",\"@id\":\"https:\/\/www.laughtales.it\/#\/schema\/logo\/image\/\",\"url\":\"https:\/\/www.laughtales.it\/wp-content\/uploads\/2024\/07\/favicon.webp\",\"contentUrl\":\"https:\/\/www.laughtales.it\/wp-content\/uploads\/2024\/07\/favicon.webp\",\"width\":512,\"height\":512,\"caption\":\"LAUGH TALES\"},\"image\":{\"@id\":\"https:\/\/www.laughtales.it\/#\/schema\/logo\/image\/\"},\"sameAs\":[\"https:\/\/x.com\/The_Prodigy_Lab\",\"https:\/\/x.com\/Sir_Polpo\",\"https:\/\/x.com\/Sir__JJ\",\"https:\/\/discord.com\/invite\/aT8H4Na5\",\"https:\/\/opensea.io\/collection\/thinkex-machina\"]}]}<\/script>\n<!-- \/ Yoast SEO plugin. -->","yoast_head_json":{"title":"(8) Prima di dormire - LAUGH TALES","robots":{"index":"index","follow":"follow","max-snippet":"max-snippet:-1","max-image-preview":"max-image-preview:large","max-video-preview":"max-video-preview:-1"},"canonical":"https:\/\/www.laughtales.it\/en\/before-sleeping\/","og_locale":"en_GB","og_type":"article","og_title":"(8) Prima di dormire - LAUGH TALES","og_description":"Prima di dormire Prima di dormireaccendosognandoCi\u00f2 che posso intuire Quello che vedo\u00e8 il mostro che ho dentro.Siamo di nuovo solo io e teimmersi nell&#8217;etere.Nell&#8217;essere due entit\u00e0 divisearmonicamente uniteci completiamoci coinvolgiamo.Ma quindi chi vedoTu o io? La verit\u00e0 \u00e8 che abbiamo tutti pi\u00f9 personalit\u00e0. Le tiriamo fuori nel momento del bisogno e della necessit\u00e0. Non sono [&hellip;]","og_url":"https:\/\/www.laughtales.it\/en\/before-sleeping\/","og_site_name":"LAUGH TALES","article_modified_time":"2024-08-13T10:00:29+00:00","og_image":[{"url":"https:\/\/www.laughtales.it\/wp-content\/uploads\/2024\/08\/08-img-1024x1024.webp","type":"","width":"","height":""}],"twitter_card":"summary_large_image","twitter_site":"@The_Prodigy_Lab","twitter_misc":{"Estimated reading time":"1 minute"},"schema":{"@context":"https:\/\/schema.org","@graph":[{"@type":"WebPage","@id":"https:\/\/www.laughtales.it\/before-sleeping\/","url":"https:\/\/www.laughtales.it\/before-sleeping\/","name":"(8) Prima di dormire - LAUGH TALES","isPartOf":{"@id":"https:\/\/www.laughtales.it\/#website"},"primaryImageOfPage":{"@id":"https:\/\/www.laughtales.it\/before-sleeping\/#primaryimage"},"image":{"@id":"https:\/\/www.laughtales.it\/before-sleeping\/#primaryimage"},"thumbnailUrl":"https:\/\/www.laughtales.it\/wp-content\/uploads\/2024\/08\/08-img-1024x1024.webp","datePublished":"2024-08-11T14:03:46+00:00","dateModified":"2024-08-13T10:00:29+00:00","breadcrumb":{"@id":"https:\/\/www.laughtales.it\/before-sleeping\/#breadcrumb"},"inLanguage":"en-GB","potentialAction":[{"@type":"ReadAction","target":["https:\/\/www.laughtales.it\/before-sleeping\/"]}]},{"@type":"ImageObject","inLanguage":"en-GB","@id":"https:\/\/www.laughtales.it\/before-sleeping\/#primaryimage","url":"https:\/\/www.laughtales.it\/wp-content\/uploads\/2024\/08\/08-img-1024x1024.webp","contentUrl":"https:\/\/www.laughtales.it\/wp-content\/uploads\/2024\/08\/08-img-1024x1024.webp"},{"@type":"BreadcrumbList","@id":"https:\/\/www.laughtales.it\/before-sleeping\/#breadcrumb","itemListElement":[{"@type":"ListItem","position":1,"name":"Home","item":"https:\/\/www.laughtales.it\/"},{"@type":"ListItem","position":2,"name":"(8) Prima di dormire"}]},{"@type":"WebSite","@id":"https:\/\/www.laughtales.it\/#website","url":"https:\/\/www.laughtales.it\/","name":"LAUGH TALES","description":"","publisher":{"@id":"https:\/\/www.laughtales.it\/#organization"},"potentialAction":[{"@type":"SearchAction","target":{"@type":"EntryPoint","urlTemplate":"https:\/\/www.laughtales.it\/?s={search_term_string}"},"query-input":{"@type":"PropertyValueSpecification","valueRequired":true,"valueName":"search_term_string"}}],"inLanguage":"en-GB"},{"@type":"Organization","@id":"https:\/\/www.laughtales.it\/#organization","name":"LAUGH TALES","url":"https:\/\/www.laughtales.it\/","logo":{"@type":"ImageObject","inLanguage":"en-GB","@id":"https:\/\/www.laughtales.it\/#\/schema\/logo\/image\/","url":"https:\/\/www.laughtales.it\/wp-content\/uploads\/2024\/07\/favicon.webp","contentUrl":"https:\/\/www.laughtales.it\/wp-content\/uploads\/2024\/07\/favicon.webp","width":512,"height":512,"caption":"LAUGH TALES"},"image":{"@id":"https:\/\/www.laughtales.it\/#\/schema\/logo\/image\/"},"sameAs":["https:\/\/x.com\/The_Prodigy_Lab","https:\/\/x.com\/Sir_Polpo","https:\/\/x.com\/Sir__JJ","https:\/\/discord.com\/invite\/aT8H4Na5","https:\/\/opensea.io\/collection\/thinkex-machina"]}]}},"_links":{"self":[{"href":"https:\/\/www.laughtales.it\/en\/wp-json\/wp\/v2\/pages\/319","targetHints":{"allow":["GET"]}}],"collection":[{"href":"https:\/\/www.laughtales.it\/en\/wp-json\/wp\/v2\/pages"}],"about":[{"href":"https:\/\/www.laughtales.it\/en\/wp-json\/wp\/v2\/types\/page"}],"author":[{"embeddable":true,"href":"https:\/\/www.laughtales.it\/en\/wp-json\/wp\/v2\/users\/1"}],"replies":[{"embeddable":true,"href":"https:\/\/www.laughtales.it\/en\/wp-json\/wp\/v2\/comments?post=319"}],"version-history":[{"count":0,"href":"https:\/\/www.laughtales.it\/en\/wp-json\/wp\/v2\/pages\/319\/revisions"}],"wp:attachment":[{"href":"https:\/\/www.laughtales.it\/en\/wp-json\/wp\/v2\/media?parent=319"}],"curies":[{"name":"wp","href":"https:\/\/api.w.org\/{rel}","templated":true}]}}