{"id":329,"date":"2024-08-11T17:18:03","date_gmt":"2024-08-11T15:18:03","guid":{"rendered":"https:\/\/www.laughtales.it\/?page_id=329"},"modified":"2024-09-05T10:49:29","modified_gmt":"2024-09-05T08:49:29","slug":"see-and-look","status":"publish","type":"page","link":"https:\/\/www.laughtales.it\/en\/see-and-look\/","title":{"rendered":"(14) See and look"},"content":{"rendered":"<div data-elementor-type=\"wp-page\" data-elementor-id=\"329\" class=\"elementor elementor-329\" data-elementor-post-type=\"page\">\n\t\t\t\t<div data-particle_enable=\"false\" data-particle-mobile-disabled=\"false\" class=\"elementor-element elementor-element-58108844 e-flex e-con-boxed e-con e-parent\" data-id=\"58108844\" data-element_type=\"container\">\n\t\t\t\t\t<div class=\"e-con-inner\">\n\t\t<div data-particle_enable=\"false\" data-particle-mobile-disabled=\"false\" class=\"elementor-element elementor-element-cfa15c0 e-con-full e-flex e-con e-child\" data-id=\"cfa15c0\" data-element_type=\"container\">\n\t\t\t\t<div class=\"elementor-element elementor-element-9810b85 elementor-widget elementor-widget-heading\" data-id=\"9810b85\" data-element_type=\"widget\" data-widget_type=\"heading.default\">\n\t\t\t\t<div class=\"elementor-widget-container\">\n\t\t\t\t\t<h1 class=\"elementor-heading-title elementor-size-default\">See and look<\/h1>\t\t\t\t<\/div>\n\t\t\t\t<\/div>\n\t\t\t\t<div class=\"elementor-element elementor-element-491e0ca elementor-widget elementor-widget-image\" data-id=\"491e0ca\" data-element_type=\"widget\" data-widget_type=\"image.default\">\n\t\t\t\t<div class=\"elementor-widget-container\">\n\t\t\t\t\t\t\t\t\t\t\t\t\t\t\t<img fetchpriority=\"high\" decoding=\"async\" width=\"800\" height=\"800\" src=\"https:\/\/www.laughtales.it\/wp-content\/uploads\/2024\/08\/14-img-1024x1024.webp\" class=\"attachment-large size-large wp-image-300\" alt=\"\" srcset=\"https:\/\/www.laughtales.it\/wp-content\/uploads\/2024\/08\/14-img-1024x1024.webp 1024w, https:\/\/www.laughtales.it\/wp-content\/uploads\/2024\/08\/14-img-300x300.webp 300w, https:\/\/www.laughtales.it\/wp-content\/uploads\/2024\/08\/14-img-150x150.webp 150w, https:\/\/www.laughtales.it\/wp-content\/uploads\/2024\/08\/14-img-768x768.webp 768w, https:\/\/www.laughtales.it\/wp-content\/uploads\/2024\/08\/14-img-1536x1536.webp 1536w, https:\/\/www.laughtales.it\/wp-content\/uploads\/2024\/08\/14-img-12x12.webp 12w, https:\/\/www.laughtales.it\/wp-content\/uploads\/2024\/08\/14-img.webp 2000w\" sizes=\"(max-width: 800px) 100vw, 800px\" \/>\t\t\t\t\t\t\t\t\t\t\t\t\t\t\t<\/div>\n\t\t\t\t<\/div>\n\t\t\t\t<div class=\"elementor-element elementor-element-32b7b16 elementor-widget elementor-widget-text-editor\" data-id=\"32b7b16\" data-element_type=\"widget\" data-widget_type=\"text-editor.default\">\n\t\t\t\t<div class=\"elementor-widget-container\">\n\t\t\t\t\t\t\t\t\t<p>Ehh, nothing much\u2026 I\u2019m an eye.<br>Yeah, just an eye. A nice eye, mind you, but still just an eye. \u2026 No ahahaha it\u2019s not narcissism, I\u2019m just being realistic :D<\/p>\n<p>Anyway, I\u2019ve been living (living?) here forever, or at least as long as I can remember. Naturally, not having any kind of locomotor apparatus, I have no way to move myself\u2026<br>\u2026<br>\u2026<br>\u2026<br>Good question\u2026 I already wonder how I manage to \u201cspeak,\u201d let alone how I manage to survive. I don\u2019t have a heart, lungs, liver, spleen\u2026 brain\u2026 And no one of my kind has been able to study my species, also because I don\u2019t have any kind eheheheh.<br>I don\u2019t even know how I came into the world; does it take a father and a mother to create an eye like me? I hope I was born from the ether, the idea of having parents and still navigated through solitude fills my retina with the liquid of sadness\u2026<br>But you know, not being able to move has led me to only see and think (<i>Ed. don\u2019t ask me how a mere eye can think, we are in Sir. P\u2019s head<\/i>). I don\u2019t know how many years I\u2019ve been like a pendulum swinging between lofty intuition and the harsh reality.<br>I don\u2019t want to sit here and tell you how human being is fleeting and carnal being, so involved in his Being to fills it with objects and material sanctity, without realizing that on the altar of Life lies his Soul. Not so much because, honestly, I\u2019m an immobile eye with a city on top of it in the middle of nowhere (yeah, I don\u2019t give a f\u2026), but because, in my opinion, that\u2019s what they want you to believe. I don\u2019t know who \u201cthey\u201d are, I haven\u2019t seen that far. But beyond the philosophical, psychological, and \u201cconspiratorial\u201d musings, the mere awareness that you can truly do what makes you feel good, should push you to work towards that.<br>Everything else, is just boredom.<\/p>\n<p>In any case, my way of smiling at life is understanding that it doesn\u2019t matter how you come into the world; matters what you do with the gift of life [#150].<\/p>\t\t\t\t\t\t\t\t<\/div>\n\t\t\t\t<\/div>\n\t\t\t\t<div class=\"elementor-element elementor-element-fa609c9 elementor-align-center opensea-button elementor-widget elementor-widget-button\" data-id=\"fa609c9\" data-element_type=\"widget\" data-widget_type=\"button.default\">\n\t\t\t\t<div class=\"elementor-widget-container\">\n\t\t\t\t\t\t\t\t\t<div class=\"elementor-button-wrapper\">\n\t\t\t\t\t<a class=\"elementor-button elementor-button-link elementor-size-sm elementor-animation-grow\" href=\"https:\/\/opensea.io\/assets\/matic\/0x21c88c6946e568edcc23f98231ec04c05a077c98\/5\" target=\"_blank\">\n\t\t\t\t\t\t<span class=\"elementor-button-content-wrapper\">\n\t\t\t\t\t\t<span class=\"elementor-button-icon\">\n\t\t\t\t<svg xmlns=\"http:\/\/www.w3.org\/2000\/svg\" width=\"360\" height=\"360\" viewbox=\"0 0 360 360\" fill=\"none\"><g clip-path=\"url(#clip0_3_69)\"><g clip-path=\"url(#clip1_3_69)\"><path d=\"M181.566 1.00604e-05C80.91 -0.82799 -0.82799 80.91 1.00604e-05 181.566C0.84601 279.306 80.694 359.172 178.416 359.982C279.072 360.846 360.846 279.072 359.982 178.416C359.172 80.712 279.306 0.84601 181.566 1.00604e-05ZM127.746 89.586C139.266 104.22 146.16 122.742 146.16 142.83C146.16 160.236 140.994 176.436 132.12 189.954H69.714L127.728 89.568L127.746 89.586ZM318.006 199.242V212.202C318.006 213.048 317.556 213.768 316.782 214.092C312.552 215.892 298.602 222.372 292.788 230.436C277.812 251.28 266.382 284.04 240.822 284.04H134.172C96.408 284.04 64.818 254.07 64.836 214.146C64.836 213.156 65.682 212.346 66.672 212.346H117.216C118.962 212.346 120.33 213.75 120.33 215.46V225.216C120.33 230.4 124.524 234.612 129.726 234.612H168.066V212.292H141.876C156.942 193.212 165.906 169.128 165.906 142.902C165.906 113.652 154.692 86.976 136.332 67.032C147.438 68.328 158.058 70.542 168.066 73.476V67.266C168.066 60.822 173.286 55.602 179.73 55.602C186.174 55.602 191.394 60.822 191.394 67.266V82.242C227.178 98.946 250.614 126.666 250.614 158.022C250.614 176.418 242.568 193.536 228.69 207.936C226.026 210.69 222.336 212.256 218.466 212.256H191.412V234.54H225.378C232.704 234.54 245.844 220.644 252.072 212.274C252.072 212.274 252.342 211.86 253.062 211.644C253.782 211.428 315.432 197.28 315.432 197.28C316.728 196.92 318.006 197.91 318.006 199.224V199.242Z\" fill=\"white\"><\/path><\/g><\/g><defs><clippath id=\"clip0_3_69\"><rect width=\"360\" height=\"360\" fill=\"white\"><\/rect><\/clippath><clippath id=\"clip1_3_69\"><rect width=\"360\" height=\"360\" fill=\"white\"><\/rect><\/clippath><\/defs><\/svg>\t\t\t<\/span>\n\t\t\t\t\t\t\t\t\t<span class=\"elementor-button-text\">Buy on OpenSea<\/span>\n\t\t\t\t\t<\/span>\n\t\t\t\t\t<\/a>\n\t\t\t\t<\/div>\n\t\t\t\t\t\t\t\t<\/div>\n\t\t\t\t<\/div>\n\t\t\t\t<\/div>\n\t\t\t\t\t<\/div>\n\t\t\t\t<\/div>\n\t\t\t\t<\/div>","protected":false},"excerpt":{"rendered":"<p>Guardare ed osservare Ehhhh niente\u2026 Sono un occhio.S\u00ec, semplicemente un occhio. Un bell&#8217;occhio per carit\u00e0, per\u00f2 si un semplice occhio. \u2026 No ahahaha non \u00e8 narcisismo, sono semplicemente realistico \ud83d\ude00 Comunque vivo (vivo?) qua da sempre, o almeno da quando riesco a ricordare. Giustamente non avendo una qualsivoglia tipologia di apparato locomotore non ho la [&hellip;]<\/p>","protected":false},"author":1,"featured_media":0,"parent":0,"menu_order":0,"comment_status":"closed","ping_status":"closed","template":"","meta":{"footnotes":""},"class_list":["post-329","page","type-page","status-publish","hentry"],"yoast_head":"<!-- This site is optimized with the Yoast SEO plugin v25.3 - https:\/\/yoast.com\/wordpress\/plugins\/seo\/ -->\n<title>(14) Guardare ed osservare - LAUGH TALES<\/title>\n<meta name=\"robots\" content=\"index, follow, max-snippet:-1, max-image-preview:large, max-video-preview:-1\" \/>\n<link rel=\"canonical\" href=\"https:\/\/www.laughtales.it\/en\/see-and-look\/\" \/>\n<meta property=\"og:locale\" content=\"en_GB\" \/>\n<meta property=\"og:type\" content=\"article\" \/>\n<meta property=\"og:title\" content=\"(14) Guardare ed osservare - LAUGH TALES\" \/>\n<meta property=\"og:description\" content=\"Guardare ed osservare Ehhhh niente\u2026 Sono un occhio.S\u00ec, semplicemente un occhio. Un bell&#8217;occhio per carit\u00e0, per\u00f2 si un semplice occhio. \u2026 No ahahaha non \u00e8 narcisismo, sono semplicemente realistico \ud83d\ude00 Comunque vivo (vivo?) qua da sempre, o almeno da quando riesco a ricordare. Giustamente non avendo una qualsivoglia tipologia di apparato locomotore non ho la [&hellip;]\" \/>\n<meta property=\"og:url\" content=\"https:\/\/www.laughtales.it\/en\/see-and-look\/\" \/>\n<meta property=\"og:site_name\" content=\"LAUGH TALES\" \/>\n<meta property=\"article:modified_time\" content=\"2024-09-05T08:49:29+00:00\" \/>\n<meta property=\"og:image\" content=\"https:\/\/www.laughtales.it\/wp-content\/uploads\/2024\/08\/14-img-1024x1024.webp\" \/>\n<meta name=\"twitter:card\" content=\"summary_large_image\" \/>\n<meta name=\"twitter:site\" content=\"@The_Prodigy_Lab\" \/>\n<meta name=\"twitter:label1\" content=\"Estimated reading time\" \/>\n\t<meta name=\"twitter:data1\" content=\"3 minutes\" \/>\n<script type=\"application\/ld+json\" class=\"yoast-schema-graph\">{\"@context\":\"https:\/\/schema.org\",\"@graph\":[{\"@type\":\"WebPage\",\"@id\":\"https:\/\/www.laughtales.it\/en\/see-and-look\/\",\"url\":\"https:\/\/www.laughtales.it\/en\/see-and-look\/\",\"name\":\"(14) Guardare ed osservare - LAUGH TALES\",\"isPartOf\":{\"@id\":\"https:\/\/www.laughtales.it\/#website\"},\"primaryImageOfPage\":{\"@id\":\"https:\/\/www.laughtales.it\/en\/see-and-look\/#primaryimage\"},\"image\":{\"@id\":\"https:\/\/www.laughtales.it\/en\/see-and-look\/#primaryimage\"},\"thumbnailUrl\":\"https:\/\/www.laughtales.it\/wp-content\/uploads\/2024\/08\/14-img-1024x1024.webp\",\"datePublished\":\"2024-08-11T15:18:03+00:00\",\"dateModified\":\"2024-09-05T08:49:29+00:00\",\"breadcrumb\":{\"@id\":\"https:\/\/www.laughtales.it\/en\/see-and-look\/#breadcrumb\"},\"inLanguage\":\"en-GB\",\"potentialAction\":[{\"@type\":\"ReadAction\",\"target\":[\"https:\/\/www.laughtales.it\/en\/see-and-look\/\"]}]},{\"@type\":\"ImageObject\",\"inLanguage\":\"en-GB\",\"@id\":\"https:\/\/www.laughtales.it\/en\/see-and-look\/#primaryimage\",\"url\":\"https:\/\/www.laughtales.it\/wp-content\/uploads\/2024\/08\/14-img-1024x1024.webp\",\"contentUrl\":\"https:\/\/www.laughtales.it\/wp-content\/uploads\/2024\/08\/14-img-1024x1024.webp\"},{\"@type\":\"BreadcrumbList\",\"@id\":\"https:\/\/www.laughtales.it\/en\/see-and-look\/#breadcrumb\",\"itemListElement\":[{\"@type\":\"ListItem\",\"position\":1,\"name\":\"Home\",\"item\":\"https:\/\/www.laughtales.it\/\"},{\"@type\":\"ListItem\",\"position\":2,\"name\":\"(14) Guardare ed osservare\"}]},{\"@type\":\"WebSite\",\"@id\":\"https:\/\/www.laughtales.it\/#website\",\"url\":\"https:\/\/www.laughtales.it\/\",\"name\":\"LAUGH TALES\",\"description\":\"\",\"publisher\":{\"@id\":\"https:\/\/www.laughtales.it\/#organization\"},\"potentialAction\":[{\"@type\":\"SearchAction\",\"target\":{\"@type\":\"EntryPoint\",\"urlTemplate\":\"https:\/\/www.laughtales.it\/?s={search_term_string}\"},\"query-input\":{\"@type\":\"PropertyValueSpecification\",\"valueRequired\":true,\"valueName\":\"search_term_string\"}}],\"inLanguage\":\"en-GB\"},{\"@type\":\"Organization\",\"@id\":\"https:\/\/www.laughtales.it\/#organization\",\"name\":\"LAUGH TALES\",\"url\":\"https:\/\/www.laughtales.it\/\",\"logo\":{\"@type\":\"ImageObject\",\"inLanguage\":\"en-GB\",\"@id\":\"https:\/\/www.laughtales.it\/#\/schema\/logo\/image\/\",\"url\":\"https:\/\/www.laughtales.it\/wp-content\/uploads\/2024\/07\/favicon.webp\",\"contentUrl\":\"https:\/\/www.laughtales.it\/wp-content\/uploads\/2024\/07\/favicon.webp\",\"width\":512,\"height\":512,\"caption\":\"LAUGH TALES\"},\"image\":{\"@id\":\"https:\/\/www.laughtales.it\/#\/schema\/logo\/image\/\"},\"sameAs\":[\"https:\/\/x.com\/The_Prodigy_Lab\",\"https:\/\/x.com\/Sir_Polpo\",\"https:\/\/x.com\/Sir__JJ\",\"https:\/\/discord.com\/invite\/aT8H4Na5\",\"https:\/\/opensea.io\/collection\/thinkex-machina\"]}]}<\/script>\n<!-- \/ Yoast SEO plugin. -->","yoast_head_json":{"title":"(14) Guardare ed osservare - LAUGH TALES","robots":{"index":"index","follow":"follow","max-snippet":"max-snippet:-1","max-image-preview":"max-image-preview:large","max-video-preview":"max-video-preview:-1"},"canonical":"https:\/\/www.laughtales.it\/en\/see-and-look\/","og_locale":"en_GB","og_type":"article","og_title":"(14) Guardare ed osservare - LAUGH TALES","og_description":"Guardare ed osservare Ehhhh niente\u2026 Sono un occhio.S\u00ec, semplicemente un occhio. Un bell&#8217;occhio per carit\u00e0, per\u00f2 si un semplice occhio. \u2026 No ahahaha non \u00e8 narcisismo, sono semplicemente realistico \ud83d\ude00 Comunque vivo (vivo?) qua da sempre, o almeno da quando riesco a ricordare. Giustamente non avendo una qualsivoglia tipologia di apparato locomotore non ho la [&hellip;]","og_url":"https:\/\/www.laughtales.it\/en\/see-and-look\/","og_site_name":"LAUGH TALES","article_modified_time":"2024-09-05T08:49:29+00:00","og_image":[{"url":"https:\/\/www.laughtales.it\/wp-content\/uploads\/2024\/08\/14-img-1024x1024.webp","type":"","width":"","height":""}],"twitter_card":"summary_large_image","twitter_site":"@The_Prodigy_Lab","twitter_misc":{"Estimated reading time":"3 minutes"},"schema":{"@context":"https:\/\/schema.org","@graph":[{"@type":"WebPage","@id":"https:\/\/www.laughtales.it\/en\/see-and-look\/","url":"https:\/\/www.laughtales.it\/en\/see-and-look\/","name":"(14) Guardare ed osservare - LAUGH TALES","isPartOf":{"@id":"https:\/\/www.laughtales.it\/#website"},"primaryImageOfPage":{"@id":"https:\/\/www.laughtales.it\/en\/see-and-look\/#primaryimage"},"image":{"@id":"https:\/\/www.laughtales.it\/en\/see-and-look\/#primaryimage"},"thumbnailUrl":"https:\/\/www.laughtales.it\/wp-content\/uploads\/2024\/08\/14-img-1024x1024.webp","datePublished":"2024-08-11T15:18:03+00:00","dateModified":"2024-09-05T08:49:29+00:00","breadcrumb":{"@id":"https:\/\/www.laughtales.it\/en\/see-and-look\/#breadcrumb"},"inLanguage":"en-GB","potentialAction":[{"@type":"ReadAction","target":["https:\/\/www.laughtales.it\/en\/see-and-look\/"]}]},{"@type":"ImageObject","inLanguage":"en-GB","@id":"https:\/\/www.laughtales.it\/en\/see-and-look\/#primaryimage","url":"https:\/\/www.laughtales.it\/wp-content\/uploads\/2024\/08\/14-img-1024x1024.webp","contentUrl":"https:\/\/www.laughtales.it\/wp-content\/uploads\/2024\/08\/14-img-1024x1024.webp"},{"@type":"BreadcrumbList","@id":"https:\/\/www.laughtales.it\/en\/see-and-look\/#breadcrumb","itemListElement":[{"@type":"ListItem","position":1,"name":"Home","item":"https:\/\/www.laughtales.it\/"},{"@type":"ListItem","position":2,"name":"(14) Guardare ed osservare"}]},{"@type":"WebSite","@id":"https:\/\/www.laughtales.it\/#website","url":"https:\/\/www.laughtales.it\/","name":"LAUGH TALES","description":"","publisher":{"@id":"https:\/\/www.laughtales.it\/#organization"},"potentialAction":[{"@type":"SearchAction","target":{"@type":"EntryPoint","urlTemplate":"https:\/\/www.laughtales.it\/?s={search_term_string}"},"query-input":{"@type":"PropertyValueSpecification","valueRequired":true,"valueName":"search_term_string"}}],"inLanguage":"en-GB"},{"@type":"Organization","@id":"https:\/\/www.laughtales.it\/#organization","name":"LAUGH TALES","url":"https:\/\/www.laughtales.it\/","logo":{"@type":"ImageObject","inLanguage":"en-GB","@id":"https:\/\/www.laughtales.it\/#\/schema\/logo\/image\/","url":"https:\/\/www.laughtales.it\/wp-content\/uploads\/2024\/07\/favicon.webp","contentUrl":"https:\/\/www.laughtales.it\/wp-content\/uploads\/2024\/07\/favicon.webp","width":512,"height":512,"caption":"LAUGH TALES"},"image":{"@id":"https:\/\/www.laughtales.it\/#\/schema\/logo\/image\/"},"sameAs":["https:\/\/x.com\/The_Prodigy_Lab","https:\/\/x.com\/Sir_Polpo","https:\/\/x.com\/Sir__JJ","https:\/\/discord.com\/invite\/aT8H4Na5","https:\/\/opensea.io\/collection\/thinkex-machina"]}]}},"_links":{"self":[{"href":"https:\/\/www.laughtales.it\/en\/wp-json\/wp\/v2\/pages\/329","targetHints":{"allow":["GET"]}}],"collection":[{"href":"https:\/\/www.laughtales.it\/en\/wp-json\/wp\/v2\/pages"}],"about":[{"href":"https:\/\/www.laughtales.it\/en\/wp-json\/wp\/v2\/types\/page"}],"author":[{"embeddable":true,"href":"https:\/\/www.laughtales.it\/en\/wp-json\/wp\/v2\/users\/1"}],"replies":[{"embeddable":true,"href":"https:\/\/www.laughtales.it\/en\/wp-json\/wp\/v2\/comments?post=329"}],"version-history":[{"count":0,"href":"https:\/\/www.laughtales.it\/en\/wp-json\/wp\/v2\/pages\/329\/revisions"}],"wp:attachment":[{"href":"https:\/\/www.laughtales.it\/en\/wp-json\/wp\/v2\/media?parent=329"}],"curies":[{"name":"wp","href":"https:\/\/api.w.org\/{rel}","templated":true}]}}