{"id":581,"date":"2025-09-25T10:47:27","date_gmt":"2025-09-25T08:47:27","guid":{"rendered":"https:\/\/www.laughtales.it\/?page_id=581"},"modified":"2025-10-12T10:44:53","modified_gmt":"2025-10-12T08:44:53","slug":"26-emozioni","status":"publish","type":"page","link":"https:\/\/www.laughtales.it\/en\/26-emozioni\/","title":{"rendered":"(26) Emotions"},"content":{"rendered":"<div data-elementor-type=\"wp-page\" data-elementor-id=\"581\" class=\"elementor elementor-581\" data-elementor-post-type=\"page\">\n\t\t\t\t<div data-particle_enable=\"false\" data-particle-mobile-disabled=\"false\" class=\"elementor-element elementor-element-58108844 e-flex e-con-boxed e-con e-parent\" data-id=\"58108844\" data-element_type=\"container\">\n\t\t\t\t\t<div class=\"e-con-inner\">\n\t\t<div data-particle_enable=\"false\" data-particle-mobile-disabled=\"false\" class=\"elementor-element elementor-element-cfa15c0 e-con-full e-flex e-con e-child\" data-id=\"cfa15c0\" data-element_type=\"container\">\n\t\t\t\t<div class=\"elementor-element elementor-element-9810b85 elementor-widget elementor-widget-heading\" data-id=\"9810b85\" data-element_type=\"widget\" data-widget_type=\"heading.default\">\n\t\t\t\t<div class=\"elementor-widget-container\">\n\t\t\t\t\t<h1 class=\"elementor-heading-title elementor-size-default\">Emotions<\/h1>\t\t\t\t<\/div>\n\t\t\t\t<\/div>\n\t\t\t\t<div class=\"elementor-element elementor-element-491e0ca elementor-widget elementor-widget-image\" data-id=\"491e0ca\" data-element_type=\"widget\" data-widget_type=\"image.default\">\n\t\t\t\t<div class=\"elementor-widget-container\">\n\t\t\t\t\t\t\t\t\t\t\t\t\t\t\t<img fetchpriority=\"high\" decoding=\"async\" width=\"800\" height=\"755\" src=\"https:\/\/www.laughtales.it\/wp-content\/uploads\/2025\/09\/26-img.jpg\" class=\"attachment-large size-large wp-image-573\" alt=\"\" \/>\t\t\t\t\t\t\t\t\t\t\t\t\t\t\t<\/div>\n\t\t\t\t<\/div>\n\t\t\t\t<div class=\"elementor-element elementor-element-32b7b16 elementor-widget elementor-widget-text-editor\" data-id=\"32b7b16\" data-element_type=\"widget\" data-widget_type=\"text-editor.default\">\n\t\t\t\t<div class=\"elementor-widget-container\">\n\t\t\t\t\t\t\t\t\t<p>THREEE, TWOOO, ONEEE...<\/p><p>CIAAAAK, IT'S A WRAP!<\/p><p>\u00a0<\/p><p>\u00a0<\/p><p><em><strong>First day in Emotion City<\/strong><\/em><\/p><p>Wwwwwelcome everyone!! This is Big Mouth speaking! \ud83e\udd19 \ud83e\udd19 \ud83e\udd19\u00a0<\/p><p>With its 27\u00b0C, Emotion City is the mildest city in the cerebral hemisphere. The birds are singing, the roses are blooming, and the children are playing in the streets. The tranquility in the air is a midsummer D-D-DREEEAM!! \ud83c\udfa7\ud83c\udfa7\nHere at Radio Head, the frequencies are well-synchronized, and the flow of sounds can\u2019t disturb the serenity of this beautiful urban vision!\u00a0<\/p><p>Are you ready to live?<\/p><p><em><strong>Second day in Emotion City<\/strong><\/em><\/p><p>And this track is dedicated to all those who\u2019ve lost someone from whom they learned so much, privileged to have known such deep souls.<\/p><center>*** RA-RA-RADIOOO HEEEADDD ***<\/center><p><em><strong>Third day in Emotion City<\/strong><\/em><\/p><p>Yes, hello madam, this is Big Mouth, Radio Head, good morning!<\/p><p>\u201cOh my God, it really happened!! Darling, darling! They called me from Radio Head!!<\/p><p style=\"text-align: right;\"><small><i>Mom, mom, our favorite radio!!\u201d<\/i><\/small><\/p><p>Yes, madam, I saw the message you sent to our radio inbox and I just had to contact you! Your story is\u2026<\/p><p>\u201cI can\u2019t believe it, I\u2019ve been trying for years and never succeedeeEEED!!!\u201d<\/p><p>Madam, I\u2019m glad to see your enthusiasm! Ahahah I can tell you\u2019re a loyal listener! Your story radiates sadness and\u2026<\/p><p>\u201cLook, it\u2019s been a whirlwind of emotions\u2026<br \/>It all started when anxiety took over. I couldn\u2019t control myself, my body, my actions\u2026 everything was shaking, even my conscience. I couldn\u2019t even find logic in the place we usually meet.<br \/>Everything turned black.<\/p><p>Anxiety, anger, fear... Black. It\u2019s so easy to fall into oblivion, settle in, and let it drag you further down, wrapped in its dark cover. But then\u2026 a point of light, a glimpse. A moment of joy. Elusive. Evanescent.<br \/>I can\u2019t grab it, but the will makes strength and determination grow within me. The desire for happiness.<br \/>I stand up. I fall. I run. I want.<br \/>I created it. That point of light. And then joy fills me again. Sadness and melancholy made way for enthusiasm and vitality. And then I remember\u2026\u201d<\/p><p>Remember\u2026?<\/p><p>\u201cYes, where did I leave my glasses!!! Without them, I can\u2019t see a thing!! I\u2019m such a scatterbrain.\u201d<\/p><p>\u2026<\/p><p>\u201cDo you know what\u2019s the funniest thing? I don\u2019t even have eyes! I told you I\u2019m a scatterbrain ihihihihi sorry, but I have to hang up now. I\u2019ve just arrived at my son\u2019s school, once I turn off the car the call will end.\u201d<\/p><p>Sorry, but how do you drive without\u2026 eyes?<\/p><p>\u201cI just told you: I don\u2019t have eyes, I\u2019m not blind!\nHave a nice day!\u201d\u00a0<\/p><p><em><strong>Seventh day in Emotion City<\/strong><\/em><\/p><p>Ladies and gentlemen, good evening, Big M on the mic! We\u2019re a bit tired in the studio, all these emotions are hard to manage, but WE ARE ON FIRE!!! \ud83d\udd25\ud83d\udd25\ud83d\udd25<br \/>Despite the difficulties and obstacles, we try to make Radio Head a safe and comfortable place. We always make sure nothing disturbs our inner peace!<\/p><p><em><strong>Tenth day in Emotion City<\/strong>\u00a0<\/em><\/p><p>Damn, guys, this story was intense\u2026 As a child, our listener was used as collateral by his mother, alone and struggling with addiction, toward people to whom she owed money\u2026 and she didn\u2019t want to go retrieve him. The social workers and family went\u2026 paradoxically, she might have thought she was giving him a better future this way; after all, what future could she have given him?<\/p><p>But let\u2019s not let this emotional burden disturb us! Let\u2019s welcome the lessons and release what disturbs us. Empathy is a tool that must be used with awareness.<\/p><p><em><strong>Twentieth day in Emotion City<\/strong><\/em><\/p><p>Dear listeners, today I feel really heavy. It\u2019s as if I\u2019m dissonantly chromatic and geometrically eccentric. I feel like I have upside-down heads in my head, weighing down on my right eye, closing it and causing a trickle of red to flow out\u2026 All these emotions have destroyed me and recombined me however they pleased, I couldn\u2019t put any order to them. My emotions intertwined and clashed with those of others, forming tangles and bonds that are hard to untangle, where it\u2019s easy to stumble and hurt yourself.<br \/>But if no one takes a step back, it will be impossible to break the chains of the emotional self.<\/p><p>Am I the one to start?<\/p><p><strong><em>Thirtieth day in Emotion City<\/em> <\/strong><\/p><p>\u201cBefore bed, I calm myself. I take a deep breath. I calm myself.<br \/>And I sleep.\u201d<\/p><p>Thank you for your precious testimony, Mr. Semplici.\u00a0<\/p><p>\u00a0<\/p><p>\u00a0<\/p><p>\u00a0<\/p><p>AAAND STOOOOP!!<br \/>WELL DONE!!! \ud83d\udc4f\ud83d\udc4f\ud83d\udc4f<br \/>Great job, everyone! Congratulations!<br \/>\u201cFirst day in the World\u201d was shot perfectly, practically in one take!<br \/>Go get some rest because we\u2019re just getting started with the filming!<\/p>\t\t\t\t\t\t\t\t<\/div>\n\t\t\t\t<\/div>\n\t\t\t\t<div class=\"elementor-element elementor-element-fa609c9 elementor-align-center opensea-button elementor-hidden-desktop elementor-hidden-tablet elementor-hidden-mobile elementor-widget elementor-widget-button\" data-id=\"fa609c9\" data-element_type=\"widget\" data-widget_type=\"button.default\">\n\t\t\t\t<div class=\"elementor-widget-container\">\n\t\t\t\t\t\t\t\t\t<div class=\"elementor-button-wrapper\">\n\t\t\t\t\t<a class=\"elementor-button elementor-button-link elementor-size-sm elementor-animation-grow\" href=\"https:\/\/opensea.io\/assets\/matic\/0x21c88c6946e568edcc23f98231ec04c05a077c98\/5\" target=\"_blank\">\n\t\t\t\t\t\t<span class=\"elementor-button-content-wrapper\">\n\t\t\t\t\t\t<span class=\"elementor-button-icon\">\n\t\t\t\t<svg xmlns=\"http:\/\/www.w3.org\/2000\/svg\" width=\"360\" height=\"360\" viewbox=\"0 0 360 360\" fill=\"none\"><g clip-path=\"url(#clip0_3_69)\"><g clip-path=\"url(#clip1_3_69)\"><path d=\"M181.566 1.00604e-05C80.91 -0.82799 -0.82799 80.91 1.00604e-05 181.566C0.84601 279.306 80.694 359.172 178.416 359.982C279.072 360.846 360.846 279.072 359.982 178.416C359.172 80.712 279.306 0.84601 181.566 1.00604e-05ZM127.746 89.586C139.266 104.22 146.16 122.742 146.16 142.83C146.16 160.236 140.994 176.436 132.12 189.954H69.714L127.728 89.568L127.746 89.586ZM318.006 199.242V212.202C318.006 213.048 317.556 213.768 316.782 214.092C312.552 215.892 298.602 222.372 292.788 230.436C277.812 251.28 266.382 284.04 240.822 284.04H134.172C96.408 284.04 64.818 254.07 64.836 214.146C64.836 213.156 65.682 212.346 66.672 212.346H117.216C118.962 212.346 120.33 213.75 120.33 215.46V225.216C120.33 230.4 124.524 234.612 129.726 234.612H168.066V212.292H141.876C156.942 193.212 165.906 169.128 165.906 142.902C165.906 113.652 154.692 86.976 136.332 67.032C147.438 68.328 158.058 70.542 168.066 73.476V67.266C168.066 60.822 173.286 55.602 179.73 55.602C186.174 55.602 191.394 60.822 191.394 67.266V82.242C227.178 98.946 250.614 126.666 250.614 158.022C250.614 176.418 242.568 193.536 228.69 207.936C226.026 210.69 222.336 212.256 218.466 212.256H191.412V234.54H225.378C232.704 234.54 245.844 220.644 252.072 212.274C252.072 212.274 252.342 211.86 253.062 211.644C253.782 211.428 315.432 197.28 315.432 197.28C316.728 196.92 318.006 197.91 318.006 199.224V199.242Z\" fill=\"white\"><\/path><\/g><\/g><defs><clippath id=\"clip0_3_69\"><rect width=\"360\" height=\"360\" fill=\"white\"><\/rect><\/clippath><clippath id=\"clip1_3_69\"><rect width=\"360\" height=\"360\" fill=\"white\"><\/rect><\/clippath><\/defs><\/svg>\t\t\t<\/span>\n\t\t\t\t\t\t\t\t\t<span class=\"elementor-button-text\">Buy on OpenSea<\/span>\n\t\t\t\t\t<\/span>\n\t\t\t\t\t<\/a>\n\t\t\t\t<\/div>\n\t\t\t\t\t\t\t\t<\/div>\n\t\t\t\t<\/div>\n\t\t\t\t<\/div>\n\t\t\t\t\t<\/div>\n\t\t\t\t<\/div>\n\t\t\t\t<\/div>","protected":false},"excerpt":{"rendered":"<p>Emozioni TREEE, DUEEEE, UNOOO\u2026 CIAAAAK, SI GIRA! \u00a0 \u00a0 Primo giorno ad Emotion City Bennnnnvenuti a tutte e tutti!! Qui \u00e8 Big Mouth che parla! \ud83e\udd19 \ud83e\udd19 \ud83e\udd19\u00a0 Con i suoi 27 gradi centigradi, Emotion City \u00e8 la citt\u00e0 pi\u00f9 mite dell\u2019emisfero cerebrale. Gli uccellini cantano, le rose crescono ed i bambini giocano per le [&hellip;]<\/p>","protected":false},"author":1,"featured_media":0,"parent":0,"menu_order":0,"comment_status":"closed","ping_status":"closed","template":"","meta":{"footnotes":""},"class_list":["post-581","page","type-page","status-publish","hentry"],"yoast_head":"<!-- This site is optimized with the Yoast SEO plugin v25.3 - https:\/\/yoast.com\/wordpress\/plugins\/seo\/ -->\n<title>(26) Emozioni - LAUGH TALES<\/title>\n<meta name=\"robots\" content=\"index, follow, max-snippet:-1, max-image-preview:large, max-video-preview:-1\" \/>\n<link rel=\"canonical\" href=\"https:\/\/www.laughtales.it\/en\/26-emozioni\/\" \/>\n<meta property=\"og:locale\" content=\"en_GB\" \/>\n<meta property=\"og:type\" content=\"article\" \/>\n<meta property=\"og:title\" content=\"(26) Emozioni - LAUGH TALES\" \/>\n<meta property=\"og:description\" content=\"Emozioni TREEE, DUEEEE, UNOOO\u2026 CIAAAAK, SI GIRA! \u00a0 \u00a0 Primo giorno ad Emotion City Bennnnnvenuti a tutte e tutti!! Qui \u00e8 Big Mouth che parla! \ud83e\udd19 \ud83e\udd19 \ud83e\udd19\u00a0 Con i suoi 27 gradi centigradi, Emotion City \u00e8 la citt\u00e0 pi\u00f9 mite dell\u2019emisfero cerebrale. Gli uccellini cantano, le rose crescono ed i bambini giocano per le [&hellip;]\" \/>\n<meta property=\"og:url\" content=\"https:\/\/www.laughtales.it\/en\/26-emozioni\/\" \/>\n<meta property=\"og:site_name\" content=\"LAUGH TALES\" \/>\n<meta property=\"article:modified_time\" content=\"2025-10-12T08:44:53+00:00\" \/>\n<meta property=\"og:image\" content=\"https:\/\/www.laughtales.it\/wp-content\/uploads\/2025\/09\/26-img.jpg\" \/>\n\t<meta property=\"og:image:width\" content=\"1080\" \/>\n\t<meta property=\"og:image:height\" content=\"1019\" \/>\n\t<meta property=\"og:image:type\" content=\"image\/jpeg\" \/>\n<meta name=\"twitter:card\" content=\"summary_large_image\" \/>\n<meta name=\"twitter:site\" content=\"@The_Prodigy_Lab\" \/>\n<meta name=\"twitter:label1\" content=\"Estimated reading time\" \/>\n\t<meta name=\"twitter:data1\" content=\"5 minutes\" \/>\n<script type=\"application\/ld+json\" class=\"yoast-schema-graph\">{\"@context\":\"https:\/\/schema.org\",\"@graph\":[{\"@type\":\"WebPage\",\"@id\":\"https:\/\/www.laughtales.it\/26-emozioni\/\",\"url\":\"https:\/\/www.laughtales.it\/26-emozioni\/\",\"name\":\"(26) Emozioni - LAUGH TALES\",\"isPartOf\":{\"@id\":\"https:\/\/www.laughtales.it\/#website\"},\"primaryImageOfPage\":{\"@id\":\"https:\/\/www.laughtales.it\/26-emozioni\/#primaryimage\"},\"image\":{\"@id\":\"https:\/\/www.laughtales.it\/26-emozioni\/#primaryimage\"},\"thumbnailUrl\":\"https:\/\/www.laughtales.it\/wp-content\/uploads\/2025\/09\/26-img.jpg\",\"datePublished\":\"2025-09-25T08:47:27+00:00\",\"dateModified\":\"2025-10-12T08:44:53+00:00\",\"breadcrumb\":{\"@id\":\"https:\/\/www.laughtales.it\/26-emozioni\/#breadcrumb\"},\"inLanguage\":\"en-GB\",\"potentialAction\":[{\"@type\":\"ReadAction\",\"target\":[\"https:\/\/www.laughtales.it\/26-emozioni\/\"]}]},{\"@type\":\"ImageObject\",\"inLanguage\":\"en-GB\",\"@id\":\"https:\/\/www.laughtales.it\/26-emozioni\/#primaryimage\",\"url\":\"https:\/\/www.laughtales.it\/wp-content\/uploads\/2025\/09\/26-img.jpg\",\"contentUrl\":\"https:\/\/www.laughtales.it\/wp-content\/uploads\/2025\/09\/26-img.jpg\"},{\"@type\":\"BreadcrumbList\",\"@id\":\"https:\/\/www.laughtales.it\/26-emozioni\/#breadcrumb\",\"itemListElement\":[{\"@type\":\"ListItem\",\"position\":1,\"name\":\"Home\",\"item\":\"https:\/\/www.laughtales.it\/\"},{\"@type\":\"ListItem\",\"position\":2,\"name\":\"(26) Emozioni\"}]},{\"@type\":\"WebSite\",\"@id\":\"https:\/\/www.laughtales.it\/#website\",\"url\":\"https:\/\/www.laughtales.it\/\",\"name\":\"LAUGH TALES\",\"description\":\"\",\"publisher\":{\"@id\":\"https:\/\/www.laughtales.it\/#organization\"},\"potentialAction\":[{\"@type\":\"SearchAction\",\"target\":{\"@type\":\"EntryPoint\",\"urlTemplate\":\"https:\/\/www.laughtales.it\/?s={search_term_string}\"},\"query-input\":{\"@type\":\"PropertyValueSpecification\",\"valueRequired\":true,\"valueName\":\"search_term_string\"}}],\"inLanguage\":\"en-GB\"},{\"@type\":\"Organization\",\"@id\":\"https:\/\/www.laughtales.it\/#organization\",\"name\":\"LAUGH TALES\",\"url\":\"https:\/\/www.laughtales.it\/\",\"logo\":{\"@type\":\"ImageObject\",\"inLanguage\":\"en-GB\",\"@id\":\"https:\/\/www.laughtales.it\/#\/schema\/logo\/image\/\",\"url\":\"https:\/\/www.laughtales.it\/wp-content\/uploads\/2024\/07\/favicon.webp\",\"contentUrl\":\"https:\/\/www.laughtales.it\/wp-content\/uploads\/2024\/07\/favicon.webp\",\"width\":512,\"height\":512,\"caption\":\"LAUGH TALES\"},\"image\":{\"@id\":\"https:\/\/www.laughtales.it\/#\/schema\/logo\/image\/\"},\"sameAs\":[\"https:\/\/x.com\/The_Prodigy_Lab\",\"https:\/\/x.com\/Sir_Polpo\",\"https:\/\/x.com\/Sir__JJ\",\"https:\/\/discord.com\/invite\/aT8H4Na5\",\"https:\/\/opensea.io\/collection\/thinkex-machina\"]}]}<\/script>\n<!-- \/ Yoast SEO plugin. -->","yoast_head_json":{"title":"(26) Emozioni - LAUGH TALES","robots":{"index":"index","follow":"follow","max-snippet":"max-snippet:-1","max-image-preview":"max-image-preview:large","max-video-preview":"max-video-preview:-1"},"canonical":"https:\/\/www.laughtales.it\/en\/26-emozioni\/","og_locale":"en_GB","og_type":"article","og_title":"(26) Emozioni - LAUGH TALES","og_description":"Emozioni TREEE, DUEEEE, UNOOO\u2026 CIAAAAK, SI GIRA! \u00a0 \u00a0 Primo giorno ad Emotion City Bennnnnvenuti a tutte e tutti!! Qui \u00e8 Big Mouth che parla! \ud83e\udd19 \ud83e\udd19 \ud83e\udd19\u00a0 Con i suoi 27 gradi centigradi, Emotion City \u00e8 la citt\u00e0 pi\u00f9 mite dell\u2019emisfero cerebrale. Gli uccellini cantano, le rose crescono ed i bambini giocano per le [&hellip;]","og_url":"https:\/\/www.laughtales.it\/en\/26-emozioni\/","og_site_name":"LAUGH TALES","article_modified_time":"2025-10-12T08:44:53+00:00","og_image":[{"width":1080,"height":1019,"url":"https:\/\/www.laughtales.it\/wp-content\/uploads\/2025\/09\/26-img.jpg","type":"image\/jpeg"}],"twitter_card":"summary_large_image","twitter_site":"@The_Prodigy_Lab","twitter_misc":{"Estimated reading time":"5 minutes"},"schema":{"@context":"https:\/\/schema.org","@graph":[{"@type":"WebPage","@id":"https:\/\/www.laughtales.it\/26-emozioni\/","url":"https:\/\/www.laughtales.it\/26-emozioni\/","name":"(26) Emozioni - LAUGH TALES","isPartOf":{"@id":"https:\/\/www.laughtales.it\/#website"},"primaryImageOfPage":{"@id":"https:\/\/www.laughtales.it\/26-emozioni\/#primaryimage"},"image":{"@id":"https:\/\/www.laughtales.it\/26-emozioni\/#primaryimage"},"thumbnailUrl":"https:\/\/www.laughtales.it\/wp-content\/uploads\/2025\/09\/26-img.jpg","datePublished":"2025-09-25T08:47:27+00:00","dateModified":"2025-10-12T08:44:53+00:00","breadcrumb":{"@id":"https:\/\/www.laughtales.it\/26-emozioni\/#breadcrumb"},"inLanguage":"en-GB","potentialAction":[{"@type":"ReadAction","target":["https:\/\/www.laughtales.it\/26-emozioni\/"]}]},{"@type":"ImageObject","inLanguage":"en-GB","@id":"https:\/\/www.laughtales.it\/26-emozioni\/#primaryimage","url":"https:\/\/www.laughtales.it\/wp-content\/uploads\/2025\/09\/26-img.jpg","contentUrl":"https:\/\/www.laughtales.it\/wp-content\/uploads\/2025\/09\/26-img.jpg"},{"@type":"BreadcrumbList","@id":"https:\/\/www.laughtales.it\/26-emozioni\/#breadcrumb","itemListElement":[{"@type":"ListItem","position":1,"name":"Home","item":"https:\/\/www.laughtales.it\/"},{"@type":"ListItem","position":2,"name":"(26) Emozioni"}]},{"@type":"WebSite","@id":"https:\/\/www.laughtales.it\/#website","url":"https:\/\/www.laughtales.it\/","name":"LAUGH TALES","description":"","publisher":{"@id":"https:\/\/www.laughtales.it\/#organization"},"potentialAction":[{"@type":"SearchAction","target":{"@type":"EntryPoint","urlTemplate":"https:\/\/www.laughtales.it\/?s={search_term_string}"},"query-input":{"@type":"PropertyValueSpecification","valueRequired":true,"valueName":"search_term_string"}}],"inLanguage":"en-GB"},{"@type":"Organization","@id":"https:\/\/www.laughtales.it\/#organization","name":"LAUGH TALES","url":"https:\/\/www.laughtales.it\/","logo":{"@type":"ImageObject","inLanguage":"en-GB","@id":"https:\/\/www.laughtales.it\/#\/schema\/logo\/image\/","url":"https:\/\/www.laughtales.it\/wp-content\/uploads\/2024\/07\/favicon.webp","contentUrl":"https:\/\/www.laughtales.it\/wp-content\/uploads\/2024\/07\/favicon.webp","width":512,"height":512,"caption":"LAUGH TALES"},"image":{"@id":"https:\/\/www.laughtales.it\/#\/schema\/logo\/image\/"},"sameAs":["https:\/\/x.com\/The_Prodigy_Lab","https:\/\/x.com\/Sir_Polpo","https:\/\/x.com\/Sir__JJ","https:\/\/discord.com\/invite\/aT8H4Na5","https:\/\/opensea.io\/collection\/thinkex-machina"]}]}},"_links":{"self":[{"href":"https:\/\/www.laughtales.it\/en\/wp-json\/wp\/v2\/pages\/581","targetHints":{"allow":["GET"]}}],"collection":[{"href":"https:\/\/www.laughtales.it\/en\/wp-json\/wp\/v2\/pages"}],"about":[{"href":"https:\/\/www.laughtales.it\/en\/wp-json\/wp\/v2\/types\/page"}],"author":[{"embeddable":true,"href":"https:\/\/www.laughtales.it\/en\/wp-json\/wp\/v2\/users\/1"}],"replies":[{"embeddable":true,"href":"https:\/\/www.laughtales.it\/en\/wp-json\/wp\/v2\/comments?post=581"}],"version-history":[{"count":13,"href":"https:\/\/www.laughtales.it\/en\/wp-json\/wp\/v2\/pages\/581\/revisions"}],"predecessor-version":[{"id":624,"href":"https:\/\/www.laughtales.it\/en\/wp-json\/wp\/v2\/pages\/581\/revisions\/624"}],"wp:attachment":[{"href":"https:\/\/www.laughtales.it\/en\/wp-json\/wp\/v2\/media?parent=581"}],"curies":[{"name":"wp","href":"https:\/\/api.w.org\/{rel}","templated":true}]}}